{"id":66,"date":"2023-08-24T14:11:28","date_gmt":"2023-08-24T14:11:28","guid":{"rendered":"https:\/\/ancientcatholic.org\/es\/?page_id=66"},"modified":"2024-11-23T23:13:20","modified_gmt":"2024-11-23T23:13:20","slug":"himnos-y-poemas","status":"publish","type":"page","link":"https:\/\/ancientcatholic.org\/es\/documentos\/himnos-y-poemas\/","title":{"rendered":"Himnos y Poemas"},"content":{"rendered":"<ul>\n<li><a href=\"https:\/\/ancientcatholic.org\/es\/wp-content\/uploads\/2024\/04\/Amor-de-Dios-es-es.pdf\" target=\"_blank\" rel=\"noopener\"><span style=\"text-decoration: underline;\"><span style=\"color: #0000ff; text-decoration: underline;\">Amor de Dios<\/span><\/span><\/a> &#8211; letra de la canci\u00f3n por Sor Mar\u00eda Miller, audio de la canci\u00f3n <a href=\"https:\/\/ancientcatholic.org\/es\/wp-content\/uploads\/2024\/09\/Amor-de-Dios-por-Sor-Maria-Miller.mp3\" target=\"_blank\" rel=\"noopener\"><span style=\"text-decoration: underline; color: #0000ff;\">&#8220;Amor de Dios&#8221;<\/span><\/a> por Sor Mar\u00eda Miller, v\u00eddeo de la canci\u00f3n por Sor Mar\u00eda Miller:<\/li>\n<\/ul>\n<p><iframe loading=\"lazy\" title=\"YouTube video player\" src=\"https:\/\/www.youtube.com\/embed\/g5KbIF3Hmjc?si=eaVujP7p50yneYQH&amp;start=1\" width=\"560\" height=\"315\" frameborder=\"0\" allowfullscreen=\"allowfullscreen\"><\/iframe><\/p>\n<ul>\n<li><a href=\"https:\/\/ancientcatholic.org\/es\/wp-content\/uploads\/2024\/04\/Dulce-Maria-Regalo-del-Padre-es-es.pdf\" target=\"_blank\" rel=\"noopener\"><span style=\"text-decoration: underline; color: #0000ff;\">Dulce Mar\u00eda &#8211; Regalo del Padre<\/span><\/a>\u00a0&#8211; por Sor Mar\u00eda Miller<\/li>\n<li><a href=\"https:\/\/ancientcatholic.org\/es\/wp-content\/uploads\/2024\/04\/El-Sagrado-Corazon-la-Sagrada-Luz-es-es.pdf\" target=\"_blank\" rel=\"noopener\"><span style=\"text-decoration: underline; color: #0000ff;\">El Sagrado Coraz\u00f3n &#8211; la Sagrada Luz<\/span><\/a> &#8211; por Sor Mar\u00eda Miller<\/li>\n<li><span style=\"text-decoration: underline; color: #0000ff;\"><a style=\"color: #0000ff; text-decoration: underline;\" href=\"https:\/\/ancientcatholic.org\/es\/wp-content\/uploads\/2024\/04\/En-la-Senda-de-la-Vida-es-es.pdf\" target=\"_blank\" rel=\"noopener\">En la Senda de la Vida<\/a><\/span> &#8211; por Sor Mar\u00eda Miller<\/li>\n<li><a href=\"https:\/\/ancientcatholic.org\/es\/wp-content\/uploads\/2024\/04\/Oh-Cristo-Roca-Firme-en-Quien-Confiamos-es-es.pdf\" target=\"_blank\" rel=\"noopener\"><span style=\"text-decoration: underline; color: #0000ff;\">Oh Cristo, Roca Firme en quien Confiamos<\/span><\/a> &#8211; por Sor Mar\u00eda Miller<\/li>\n<\/ul>\n","protected":false},"excerpt":{"rendered":"<p>Amor de Dios &#8211; letra de la canci\u00f3n por Sor Mar\u00eda Miller, audio de la canci\u00f3n &#8220;Amor de Dios&#8221; por Sor Mar\u00eda Miller, v\u00eddeo de la canci\u00f3n por Sor Mar\u00eda Miller: Dulce Mar\u00eda &#8211; Regalo del Padre\u00a0&#8211; por Sor Mar\u00eda Miller El Sagrado Coraz\u00f3n &#8211; la Sagrada Luz &#8211; por Sor Mar\u00eda Miller En la &#8230; <span class=\"more\"><a class=\"more-link\" href=\"https:\/\/ancientcatholic.org\/es\/documentos\/himnos-y-poemas\/\">[Read more&#8230;]<\/a><\/span><\/p>\n","protected":false},"author":2,"featured_media":0,"parent":45,"menu_order":5,"comment_status":"closed","ping_status":"closed","template":"","meta":{"footnotes":""},"class_list":["entry","page","publish","author-padreyaaqub","post-66"],"_links":{"self":[{"href":"https:\/\/ancientcatholic.org\/es\/wp-json\/wp\/v2\/pages\/66","targetHints":{"allow":["GET"]}}],"collection":[{"href":"https:\/\/ancientcatholic.org\/es\/wp-json\/wp\/v2\/pages"}],"about":[{"href":"https:\/\/ancientcatholic.org\/es\/wp-json\/wp\/v2\/types\/page"}],"author":[{"embeddable":true,"href":"https:\/\/ancientcatholic.org\/es\/wp-json\/wp\/v2\/users\/2"}],"replies":[{"embeddable":true,"href":"https:\/\/ancientcatholic.org\/es\/wp-json\/wp\/v2\/comments?post=66"}],"version-history":[{"count":14,"href":"https:\/\/ancientcatholic.org\/es\/wp-json\/wp\/v2\/pages\/66\/revisions"}],"predecessor-version":[{"id":491,"href":"https:\/\/ancientcatholic.org\/es\/wp-json\/wp\/v2\/pages\/66\/revisions\/491"}],"up":[{"embeddable":true,"href":"https:\/\/ancientcatholic.org\/es\/wp-json\/wp\/v2\/pages\/45"}],"wp:attachment":[{"href":"https:\/\/ancientcatholic.org\/es\/wp-json\/wp\/v2\/media?parent=66"}],"curies":[{"name":"wp","href":"https:\/\/api.w.org\/{rel}","templated":true}]}}