{"id":60,"date":"2023-08-24T14:08:38","date_gmt":"2023-08-24T14:08:38","guid":{"rendered":"https:\/\/ancientcatholic.org\/es\/?page_id=60"},"modified":"2025-03-22T21:12:00","modified_gmt":"2025-03-22T21:12:00","slug":"declaraciones","status":"publish","type":"page","link":"https:\/\/ancientcatholic.org\/es\/documentos\/declaraciones\/","title":{"rendered":"Declaraciones"},"content":{"rendered":"<ul>\n<li><a href=\"https:\/\/ancientcatholic.org\/es\/wp-content\/uploads\/2023\/08\/Body-and-Blood-of-Christ-Open-Communion-Repentance-es-es.pdf\" target=\"_blank\" rel=\"noopener\"><span style=\"text-decoration: underline; color: #0000ff;\">El Cuerpo y la Sangre de Cristo, la Comuni\u00f3n Abierta, y el Arrepentimiento<\/span><\/a><\/li>\n<li><a href=\"https:\/\/ancientcatholic.org\/es\/wp-content\/uploads\/2023\/08\/Regarding-the-Divine-Mercy-Devotion-es-es.pdf\" target=\"_blank\" rel=\"noopener\"><span style=\"text-decoration: underline; color: #0000ff;\">Sobre la Devoci\u00f3n a la Divina Misericordia<\/span><\/a><\/li>\n<li><a href=\"https:\/\/ancientcatholic.org\/es\/wp-content\/uploads\/2023\/08\/Statement-on-Antisemitism-es-es.pdf\" target=\"_blank\" rel=\"noopener\"><span style=\"text-decoration: underline; color: #0000ff;\">Declaraci\u00f3n sobre el Antisemitismo<\/span><\/a><\/li>\n<li><a href=\"https:\/\/ancientcatholic.org\/es\/wp-content\/uploads\/2023\/08\/Statement-on-Christian-Morality-es-es.pdf\" target=\"_blank\" rel=\"noopener\"><span style=\"text-decoration: underline; color: #0000ff;\">Declaraci\u00f3n sobre la Moral Cristiana<\/span><\/a><\/li>\n<li><a href=\"https:\/\/ancientcatholic.org\/es\/wp-content\/uploads\/2023\/08\/Statement-on-Human-Rights-es-es.pdf\" target=\"_blank\" rel=\"noopener\"><span style=\"text-decoration: underline; color: #0000ff;\">Declaraci\u00f3n sobre los Derechos Humanos<\/span><\/a><\/li>\n<li><a href=\"https:\/\/ancientcatholic.org\/es\/wp-content\/uploads\/2023\/08\/Statement-on-Human-Trafficking-es-es.pdf\" target=\"_blank\" rel=\"noopener\"><span style=\"text-decoration: underline; color: #0000ff;\">Declaraci\u00f3n sobre la Trata de Personas<\/span><\/a><\/li>\n<li><a href=\"https:\/\/ancientcatholic.org\/es\/wp-content\/uploads\/2023\/08\/Statement-on-Pornography-es-es.pdf\" target=\"_blank\" rel=\"noopener\"><span style=\"text-decoration: underline; color: #0000ff;\">Declaraci\u00f3n sobre la Pornograf\u00eda<\/span><\/a><\/li>\n<li><a href=\"https:\/\/ancientcatholic.org\/es\/wp-content\/uploads\/2023\/08\/Statement-on-Systemic-Racism-es-es.pdf\" target=\"_blank\" rel=\"noopener\"><span style=\"text-decoration: underline; color: #0000ff;\">Declaraci\u00f3n sobre el Racismo Sist\u00e9mico<\/span><\/a><\/li>\n<\/ul>\n","protected":false},"excerpt":{"rendered":"<p>El Cuerpo y la Sangre de Cristo, la Comuni\u00f3n Abierta, y el Arrepentimiento Sobre la Devoci\u00f3n a la Divina Misericordia Declaraci\u00f3n sobre el Antisemitismo Declaraci\u00f3n sobre la Moral Cristiana Declaraci\u00f3n sobre los Derechos Humanos Declaraci\u00f3n sobre la Trata de Personas Declaraci\u00f3n sobre la Pornograf\u00eda Declaraci\u00f3n sobre el Racismo Sist\u00e9mico<\/p>\n","protected":false},"author":2,"featured_media":0,"parent":45,"menu_order":1,"comment_status":"closed","ping_status":"closed","template":"","meta":{"footnotes":""},"class_list":["entry","page","publish","author-padreyaaqub","post-60"],"_links":{"self":[{"href":"https:\/\/ancientcatholic.org\/es\/wp-json\/wp\/v2\/pages\/60","targetHints":{"allow":["GET"]}}],"collection":[{"href":"https:\/\/ancientcatholic.org\/es\/wp-json\/wp\/v2\/pages"}],"about":[{"href":"https:\/\/ancientcatholic.org\/es\/wp-json\/wp\/v2\/types\/page"}],"author":[{"embeddable":true,"href":"https:\/\/ancientcatholic.org\/es\/wp-json\/wp\/v2\/users\/2"}],"replies":[{"embeddable":true,"href":"https:\/\/ancientcatholic.org\/es\/wp-json\/wp\/v2\/comments?post=60"}],"version-history":[{"count":12,"href":"https:\/\/ancientcatholic.org\/es\/wp-json\/wp\/v2\/pages\/60\/revisions"}],"predecessor-version":[{"id":524,"href":"https:\/\/ancientcatholic.org\/es\/wp-json\/wp\/v2\/pages\/60\/revisions\/524"}],"up":[{"embeddable":true,"href":"https:\/\/ancientcatholic.org\/es\/wp-json\/wp\/v2\/pages\/45"}],"wp:attachment":[{"href":"https:\/\/ancientcatholic.org\/es\/wp-json\/wp\/v2\/media?parent=60"}],"curies":[{"name":"wp","href":"https:\/\/api.w.org\/{rel}","templated":true}]}}