{"id":590,"date":"2025-10-08T21:27:28","date_gmt":"2025-10-08T21:27:28","guid":{"rendered":"https:\/\/ancientcatholic.org\/es\/?page_id=590"},"modified":"2025-10-08T21:27:28","modified_gmt":"2025-10-08T21:27:28","slug":"comunicado-concerniente-a-la-devocion-de-la-divina-misericordia-dentro-de-la-asamblea-de-los-fieles","status":"publish","type":"page","link":"https:\/\/ancientcatholic.org\/es\/documentos\/comunicados\/comunicado-concerniente-a-la-devocion-de-la-divina-misericordia-dentro-de-la-asamblea-de-los-fieles\/","title":{"rendered":"Comunicado Concerniente a la Devoci\u00f3n de la Divina Misericordia dentro de la Asamblea de los Fieles"},"content":{"rendered":"<p>A los Cl\u00e9rigos y Fieles de Nuestra Jurisdicci\u00f3n:<\/p>\n<p>Es necesario que reafirme nuestras palabras anteriores respecto a las pr\u00e1cticas asociadas con la llamada devoci\u00f3n de la Divina Misericordia. Habiendo considerado este asunto con cuidadoso discernimiento teol\u00f3gico y pastoral, y habi\u00e9ndolo sopesado a la luz de la constante tradici\u00f3n de la Santa Iglesia, consideramos necesario emitir la presente directiva con el fin de mantener la claridad doctrinal y la integridad lit\u00fargica dentro de nuestra comunidad.<\/p>\n<p>La devoci\u00f3n de la Divina Misericordia, aunque ampliamente difundida en ciertos sectores de la Iglesia Romana, se origina en revelaciones privadas que permanecen fuera del dep\u00f3sito de la fe que obliga a todos los fieles. Su imaginer\u00eda y el rosario asociado \u2014junto con ciertas expresiones teol\u00f3gicas contenidas en ella\u2014 han sido, desde hace tiempo, objeto de prudente preocupaci\u00f3n entre muchos de los m\u00e1s fieles hijos de la Iglesia Cat\u00f3lica Romana. Se ha observado que el esp\u00edritu y la presentaci\u00f3n de esta devoci\u00f3n corren el riesgo de disminuir la comprensi\u00f3n m\u00e1s plena y teol\u00f3gicamente completa del amor y la reparaci\u00f3n de Nuestro Se\u00f1or, tal como se revelan en Su Sacrat\u00edsimo Coraz\u00f3n.<\/p>\n<p>En consecuencia, disponemos que la devoci\u00f3n de la Divina Misericordia, su rosario y su imagen asociada no sean utilizados, expuestos ni recitados dentro de la asamblea de los fieles, ya sea en oraci\u00f3n p\u00fablica o semip\u00fablica, en la iglesia, capilla o en cualquier lugar dedicado a los ritos sagrados. La introducci\u00f3n de tales pr\u00e1cticas tiende a fomentar una confusi\u00f3n devocional que no resulta edificante ni consonante con el esp\u00edritu de la piedad tradicional.<\/p>\n<p>En su lugar, se exhorta encarecidamente a todos a fomentar una renovada devoci\u00f3n al Sagrado Coraz\u00f3n de Nuestro Se\u00f1or Jesucristo, que permanece como la expresi\u00f3n suprema de la misericordia divina correctamente entendida, fundamentada en las Sagradas Escrituras, atestiguada por siglos de observancia lit\u00fargica aprobada, y enriquecida con abundantes indulgencias concedidas por sucesivos pont\u00edfices y patriarcas. La devoci\u00f3n al Sagrado Coraz\u00f3n une la contrici\u00f3n con la reparaci\u00f3n, la misericordia con la justicia y el amor con la obediencia\u2014virtudes que constituyen el verdadero coraz\u00f3n de la santidad cristiana.<\/p>\n<p>Ha de entenderse que esta directiva no se emite con esp\u00edritu de condena, sino de cuidado pastoral, a fin de que todos puedan caminar a la luz de las seguras y venerables tradiciones de la Iglesia.<\/p>\n<p>Que el Sacrat\u00edsimo Coraz\u00f3n de Jes\u00fas, encendido en amor por toda la humanidad, fortalezca nuestra fidelidad, purifique nuestras intenciones y nos preserve en la unidad de la verdadera fe y del culto aut\u00e9ntico.<\/p>\n<p>Dado bajo mi mano y sello en Nashville, Tennessee, el d\u00eda 8 de octubre del A\u00f1o del Se\u00f1or 2025.<\/p>\n<p>+ Mar Mattai<\/p>\n","protected":false},"excerpt":{"rendered":"<p>A los Cl\u00e9rigos y Fieles de Nuestra Jurisdicci\u00f3n: Es necesario que reafirme nuestras palabras anteriores respecto a las pr\u00e1cticas asociadas con la llamada devoci\u00f3n de la Divina Misericordia. Habiendo considerado este asunto con cuidadoso discernimiento teol\u00f3gico y pastoral, y habi\u00e9ndolo sopesado a la luz de la constante tradici\u00f3n de la Santa Iglesia, consideramos necesario emitir &#8230; <span class=\"more\"><a class=\"more-link\" href=\"https:\/\/ancientcatholic.org\/es\/documentos\/comunicados\/comunicado-concerniente-a-la-devocion-de-la-divina-misericordia-dentro-de-la-asamblea-de-los-fieles\/\">[Read more&#8230;]<\/a><\/span><\/p>\n","protected":false},"author":1,"featured_media":0,"parent":62,"menu_order":0,"comment_status":"closed","ping_status":"closed","template":"","meta":{"footnotes":""},"class_list":["entry","page","publish","author-admin_8dsso7rb","post-590"],"_links":{"self":[{"href":"https:\/\/ancientcatholic.org\/es\/wp-json\/wp\/v2\/pages\/590","targetHints":{"allow":["GET"]}}],"collection":[{"href":"https:\/\/ancientcatholic.org\/es\/wp-json\/wp\/v2\/pages"}],"about":[{"href":"https:\/\/ancientcatholic.org\/es\/wp-json\/wp\/v2\/types\/page"}],"author":[{"embeddable":true,"href":"https:\/\/ancientcatholic.org\/es\/wp-json\/wp\/v2\/users\/1"}],"replies":[{"embeddable":true,"href":"https:\/\/ancientcatholic.org\/es\/wp-json\/wp\/v2\/comments?post=590"}],"version-history":[{"count":1,"href":"https:\/\/ancientcatholic.org\/es\/wp-json\/wp\/v2\/pages\/590\/revisions"}],"predecessor-version":[{"id":591,"href":"https:\/\/ancientcatholic.org\/es\/wp-json\/wp\/v2\/pages\/590\/revisions\/591"}],"up":[{"embeddable":true,"href":"https:\/\/ancientcatholic.org\/es\/wp-json\/wp\/v2\/pages\/62"}],"wp:attachment":[{"href":"https:\/\/ancientcatholic.org\/es\/wp-json\/wp\/v2\/media?parent=590"}],"curies":[{"name":"wp","href":"https:\/\/api.w.org\/{rel}","templated":true}]}}