{"id":58,"date":"2023-08-24T14:06:45","date_gmt":"2023-08-24T14:06:45","guid":{"rendered":"https:\/\/ancientcatholic.org\/es\/?page_id=58"},"modified":"2024-04-15T21:17:01","modified_gmt":"2024-04-15T21:17:01","slug":"apostoles","status":"publish","type":"page","link":"https:\/\/ancientcatholic.org\/es\/leccionario\/apostoles\/","title":{"rendered":"Ap\u00f3stoles"},"content":{"rendered":"<p><span style=\"font-family: Georgia, serif;\"><span style=\"font-size: large;\"><b>Las Misiones de los Ap\u00f3stoles<\/b><\/span><\/span><\/p>\n<ul>\n<li><span style=\"font-family: Georgia, serif;\"><span style=\"font-size: large;\">San Andr\u00e9s = Escitia (el Ir\u00e1n de hoy en d\u00eda y otras partes de Europa del Este)<\/span><\/span><\/li>\n<li><span style=\"font-family: Georgia, serif;\"><span style=\"font-size: large;\">San Bartolom\u00e9 = varias regiones al sur del Mar Negro<\/span><\/span>&nbsp;<\/li>\n<li><span style=\"font-family: Georgia, serif;\"><span style=\"font-size: large;\">Santiago el Mayor = Espa\u00f1a<\/span><\/span>&nbsp;<\/li>\n<li><span style=\"font-family: Georgia, serif;\"><span style=\"font-size: large;\">Santiago el Menor (hermano de Jes\u00fas) = Jerusal\u00e9n<\/span><\/span>&nbsp;<\/li>\n<li><span style=\"font-family: Georgia, serif;\"><span style=\"font-size: large;\">San Juan = Asia Menor (partes de Siria, Turqu\u00eda)<\/span><\/span>&nbsp;<\/li>\n<li><span style=\"font-family: Georgia, serif;\"><span style=\"font-size: large;\">San Judas Tadeo (hermano de Jes\u00fas) = Siria, Partia (Joras\u00e1n en Ir\u00e1n), Armenia<\/span><\/span>&nbsp;<\/li>\n<li><span style=\"font-family: Georgia, serif;\"><span style=\"font-size: large;\">San Mateo = por todo Oriente Medio y Etiop\u00eda<\/span><\/span>&nbsp;<\/li>\n<li><span style=\"font-family: Georgia, serif;\"><span style=\"font-size: large;\">San Pablo = Jerusal\u00e9n, Il\u00edrico (Albania moderna, Eslovenia, Croacia), Roma<\/span><\/span>&nbsp;<\/li>\n<li><span style=\"font-family: Georgia, serif;\"><span style=\"font-size: large;\">San Pedro = Ponto, Galacia, Bitinia , Capadocia, e Iraq<\/span><\/span>&nbsp;<\/li>\n<li><span style=\"font-family: Georgia, serif;\"><span style=\"font-size: large;\">San Felipe = Asia Menor (partes de Siria, Turqu\u00eda)<\/span><\/span>&nbsp;<\/li>\n<li><span style=\"font-family: Georgia, serif;\"><span style=\"font-size: large;\">San Sim\u00f3n el Zelote (tambi\u00e9n conocido como San Shim\u00f3n de Jes\u00fas y Mar\u00eda) = Partia, Jerusal\u00e9n<\/span><\/span>&nbsp;<\/li>\n<li><span style=\"font-family: Georgia, serif;\"><span style=\"font-size: large;\">Santo Tom\u00e1s = Partia (Joras\u00e1n en Ir\u00e1n), India<\/span><\/span><\/li>\n<\/ul>\n","protected":false},"excerpt":{"rendered":"<p>Las Misiones de los Ap\u00f3stoles San Andr\u00e9s = Escitia (el Ir\u00e1n de hoy en d\u00eda y otras partes de Europa del Este) San Bartolom\u00e9 = varias regiones al sur del Mar Negro&nbsp; Santiago el Mayor = Espa\u00f1a&nbsp; Santiago el Menor (hermano de Jes\u00fas) = Jerusal\u00e9n&nbsp; San Juan = Asia Menor (partes de Siria, Turqu\u00eda)&nbsp; San &#8230; <span class=\"more\"><a class=\"more-link\" href=\"https:\/\/ancientcatholic.org\/es\/leccionario\/apostoles\/\">[Read more&#8230;]<\/a><\/span><\/p>\n","protected":false},"author":2,"featured_media":0,"parent":34,"menu_order":2,"comment_status":"closed","ping_status":"closed","template":"","meta":{"footnotes":""},"class_list":["entry","page","publish","author-padreyaaqub","post-58"],"_links":{"self":[{"href":"https:\/\/ancientcatholic.org\/es\/wp-json\/wp\/v2\/pages\/58","targetHints":{"allow":["GET"]}}],"collection":[{"href":"https:\/\/ancientcatholic.org\/es\/wp-json\/wp\/v2\/pages"}],"about":[{"href":"https:\/\/ancientcatholic.org\/es\/wp-json\/wp\/v2\/types\/page"}],"author":[{"embeddable":true,"href":"https:\/\/ancientcatholic.org\/es\/wp-json\/wp\/v2\/users\/2"}],"replies":[{"embeddable":true,"href":"https:\/\/ancientcatholic.org\/es\/wp-json\/wp\/v2\/comments?post=58"}],"version-history":[{"count":3,"href":"https:\/\/ancientcatholic.org\/es\/wp-json\/wp\/v2\/pages\/58\/revisions"}],"predecessor-version":[{"id":173,"href":"https:\/\/ancientcatholic.org\/es\/wp-json\/wp\/v2\/pages\/58\/revisions\/173"}],"up":[{"embeddable":true,"href":"https:\/\/ancientcatholic.org\/es\/wp-json\/wp\/v2\/pages\/34"}],"wp:attachment":[{"href":"https:\/\/ancientcatholic.org\/es\/wp-json\/wp\/v2\/media?parent=58"}],"curies":[{"name":"wp","href":"https:\/\/api.w.org\/{rel}","templated":true}]}}