{"id":54,"date":"2023-08-24T13:56:39","date_gmt":"2023-08-24T13:56:39","guid":{"rendered":"https:\/\/ancientcatholic.org\/es\/?page_id=54"},"modified":"2025-03-21T12:52:37","modified_gmt":"2025-03-21T12:52:37","slug":"clerigos-y-monasticos","status":"publish","type":"page","link":"https:\/\/ancientcatholic.org\/es\/acerca-de\/clerigos-y-monasticos\/","title":{"rendered":"Cl\u00e9rigos y Mon\u00e1sticos"},"content":{"rendered":"<p><b>Patriarca<\/b><\/p>\n<ul>\n<li>S.S. Seraf\u00edn Miguel<\/li>\n<\/ul>\n<p><b>Obispo<\/b><\/p>\n<ul>\n<li>Rev. Andr\u00e9s Zalta<\/li>\n<\/ul>\n<p><b>Sacerdotes<\/b><\/p>\n<ul>\n<li>P. Carlos de Jes\u00fas y Mar\u00eda<\/li>\n<li>P. Mateo de Jes\u00fas y Mar\u00eda<\/li>\n<li>P. Santiago<\/li>\n<\/ul>\n<p><b>Hermanos y Hermanas Mon\u00e1sticos<\/b><\/p>\n<ul>\n<li>Abad Carlos<\/li>\n<li>Hermano Mois<\/li>\n<li>Hermano Joel<\/li>\n<li>Hermano Dennis<\/li>\n<li>Hermano Fernando<\/li>\n<li>Hermana Mar\u00eda<\/li>\n<\/ul>\n<hr \/>\n<p>&nbsp;<\/p>\n<p>El Santo S\u00ednodo consiste del Patriarca, el Obispo y los sacerdotes actuales. Se puede llamar a asesores que no sean del clero para ayudar en varias decisiones que discuta el S\u00ednodo.<\/p>\n<p>&nbsp;<\/p>\n<hr \/>\n<p><b>Galer\u00eda de Fotos<\/b><\/p>\n<p><img loading=\"lazy\" decoding=\"async\" class=\"size-full wp-image-158 alignleft\" src=\"https:\/\/ancientcatholic.org\/es\/wp-content\/uploads\/2024\/04\/frcharles-jesus-mary-x150-150x150-1.jpg\" alt=\"\" width=\"150\" height=\"150\" \/> P. Carlos de Jes\u00fas y Mar\u00eda<\/p>\n<p>&nbsp;<\/p>\n<p>&nbsp;<\/p>\n<p>&nbsp;<\/p>\n<p>&nbsp;<\/p>\n<p><img loading=\"lazy\" decoding=\"async\" class=\"size-full wp-image-153 alignleft\" src=\"https:\/\/ancientcatholic.org\/es\/wp-content\/uploads\/2024\/04\/bishop-andrew-x255-150x150-1.jpg\" alt=\"\" width=\"150\" height=\"150\" \/> Obispo Andr\u00e9s Zalta<\/p>\n<p>&nbsp;<\/p>\n<p>&nbsp;<\/p>\n<p>&nbsp;<\/p>\n<p>&nbsp;<\/p>\n<p><img loading=\"lazy\" decoding=\"async\" class=\"size-full wp-image-159 alignleft\" src=\"https:\/\/ancientcatholic.org\/es\/wp-content\/uploads\/2024\/04\/fr-santiago-bw-150x150-1.jpg\" alt=\"\" width=\"150\" height=\"150\" \/>P. Santiago<\/p>\n<p>&nbsp;<\/p>\n<p>&nbsp;<\/p>\n<p>&nbsp;<\/p>\n<p>&nbsp;<\/p>\n<p><img loading=\"lazy\" decoding=\"async\" class=\"size-full wp-image-156 alignleft\" src=\"https:\/\/ancientcatholic.org\/es\/wp-content\/uploads\/2024\/04\/br-mois.png\" alt=\"\" width=\"150\" height=\"150\" \/>Hno. Mois<\/p>\n<p>&nbsp;<\/p>\n<p>&nbsp;<\/p>\n<p>&nbsp;<\/p>\n<p>&nbsp;<\/p>\n<p><img loading=\"lazy\" decoding=\"async\" class=\"size-full wp-image-157 alignleft\" src=\"https:\/\/ancientcatholic.org\/es\/wp-content\/uploads\/2024\/04\/brother-joel-150x150-1.jpg\" alt=\"\" width=\"150\" height=\"150\" \/>Hno. Joel<\/p>\n<p>&nbsp;<\/p>\n<p>&nbsp;<\/p>\n<p>&nbsp;<\/p>\n<p>&nbsp;<\/p>\n<p><img loading=\"lazy\" decoding=\"async\" class=\"size-medium wp-image-155 alignleft\" src=\"https:\/\/ancientcatholic.org\/es\/wp-content\/uploads\/2024\/04\/brdennis.png\" alt=\"\" width=\"150\" height=\"150\" \/>Hno. Dennis<\/p>\n<p>&nbsp;<\/p>\n<p>&nbsp;<\/p>\n<p>&nbsp;<\/p>\n<p>&nbsp;<\/p>\n<p><img loading=\"lazy\" decoding=\"async\" class=\"size-medium wp-image-154 alignleft\" src=\"https:\/\/ancientcatholic.org\/es\/wp-content\/uploads\/2024\/04\/br_fernando_150.jpg\" alt=\"\" width=\"150\" height=\"150\" \/>Hno. Fernando<\/p>\n<p>&nbsp;<\/p>\n<p>&nbsp;<\/p>\n<p>&nbsp;<\/p>\n<hr \/>\n<ul>\n<li><span style=\"color: #00ccff;\" data-darkreader-inline-color=\"\"><a style=\"color: #00ccff;\" href=\"https:\/\/ancientcatholic.org\/es\/wp-content\/uploads\/2024\/04\/Do-Clerics-Receive-a-Salary-es-es.pdf\" target=\"_blank\" rel=\"noopener\" data-darkreader-inline-color=\"\">\u00bfLos Cl\u00e9rigos reciben un salario?<\/a><\/span><\/li>\n<\/ul>\n","protected":false},"excerpt":{"rendered":"<p>Patriarca S.S. Seraf\u00edn Miguel Obispo Rev. Andr\u00e9s Zalta Sacerdotes P. Carlos de Jes\u00fas y Mar\u00eda P. Mateo de Jes\u00fas y Mar\u00eda P. Santiago Hermanos y Hermanas Mon\u00e1sticos Abad Carlos Hermano Mois Hermano Joel Hermano Dennis Hermano Fernando Hermana Mar\u00eda &nbsp; El Santo S\u00ednodo consiste del Patriarca, el Obispo y los sacerdotes actuales. Se puede llamar &#8230; <span class=\"more\"><a class=\"more-link\" href=\"https:\/\/ancientcatholic.org\/es\/acerca-de\/clerigos-y-monasticos\/\">[Read more&#8230;]<\/a><\/span><\/p>\n","protected":false},"author":2,"featured_media":0,"parent":2,"menu_order":3,"comment_status":"closed","ping_status":"closed","template":"","meta":{"footnotes":""},"class_list":["entry","page","publish","author-padreyaaqub","post-54"],"_links":{"self":[{"href":"https:\/\/ancientcatholic.org\/es\/wp-json\/wp\/v2\/pages\/54","targetHints":{"allow":["GET"]}}],"collection":[{"href":"https:\/\/ancientcatholic.org\/es\/wp-json\/wp\/v2\/pages"}],"about":[{"href":"https:\/\/ancientcatholic.org\/es\/wp-json\/wp\/v2\/types\/page"}],"author":[{"embeddable":true,"href":"https:\/\/ancientcatholic.org\/es\/wp-json\/wp\/v2\/users\/2"}],"replies":[{"embeddable":true,"href":"https:\/\/ancientcatholic.org\/es\/wp-json\/wp\/v2\/comments?post=54"}],"version-history":[{"count":12,"href":"https:\/\/ancientcatholic.org\/es\/wp-json\/wp\/v2\/pages\/54\/revisions"}],"predecessor-version":[{"id":522,"href":"https:\/\/ancientcatholic.org\/es\/wp-json\/wp\/v2\/pages\/54\/revisions\/522"}],"up":[{"embeddable":true,"href":"https:\/\/ancientcatholic.org\/es\/wp-json\/wp\/v2\/pages\/2"}],"wp:attachment":[{"href":"https:\/\/ancientcatholic.org\/es\/wp-json\/wp\/v2\/media?parent=54"}],"curies":[{"name":"wp","href":"https:\/\/api.w.org\/{rel}","templated":true}]}}