{"id":52,"date":"2023-08-24T13:55:23","date_gmt":"2023-08-24T13:55:23","guid":{"rendered":"https:\/\/ancientcatholic.org\/es\/?page_id=52"},"modified":"2024-11-22T20:22:35","modified_gmt":"2024-11-22T20:22:35","slug":"historia","status":"publish","type":"page","link":"https:\/\/ancientcatholic.org\/es\/acerca-de\/historia\/","title":{"rendered":"Historia"},"content":{"rendered":"<p><span style=\"font-family: Georgia, serif;\"><span style=\"font-size: large;\">La \u201cFamilia del Se\u00f1or\u201d es una frase que se refiere a los parientes de Jes\u00fas que jugaron un papel importante en la formaci\u00f3n de la Iglesia primitiva. Son los descendientes de Santiago, el hermano de Jes\u00fas, que fue el Obispo de Jerusal\u00e9n. Por esta raz\u00f3n, algunos de ellos ocuparon puestos importantes como obispos y l\u00edderes de comunidades cristianas en los primeros siglos despu\u00e9s de la Crucifixi\u00f3n. Seg\u00fan el Nuevo Testamento, Santiago fue uno de los doce Ap\u00f3stoles, y era conocido como \u201cSantiago el Menor\u201d o \u201cSantiago el Justo\u201d para distinguirlo de otras personas llamadas Santiago en el Nuevo Testamento. Se lo considera uno de los pilares de la Iglesia de Jerusal\u00e9n, y fue una figura importante en el movimiento cristiano primitivo. Tambi\u00e9n es autor de la Ep\u00edstola en el Nuevo Testamento por su nombre. Santiago era conocido por su piedad y su car\u00e1cter recto.<\/span><\/span><\/p>\n<p><span style=\"font-family: Georgia, serif;\"><span style=\"font-size: large;\">El Papa Silvestre I fue uno de los primeros papas de la Iglesia Cat\u00f3lica Romana y es recordado por su papel en el establecimiento de la dictadura del papado y por su participaci\u00f3n en el primer Concilio de Nicea en 325. Fue antes de la muerte de Silvestre que representantes de la Familia del Se\u00f1or le solicitaron que quitara a los obispos griegos y permitiera que la familia del Se\u00f1or sirviera en sus puestos de responsabilidad eclesi\u00e1sticos e hist\u00f3ricos. Silvestre rechaz\u00f3 la solicitud, y la Familia del Se\u00f1or fue perseguida casi hasta el punto de extinguirse. Solo unos pocos miembros existen en el mundo hoy en d\u00eda y sirven como el liderazgo espiritual principal (el Patriarca y los obispos) de la Iglesia de Jerusal\u00e9n.<\/span><\/span><\/p>\n<p><span style=\"font-family: Georgia, serif;\"><span style=\"font-size: large;\">La Sant\u00edsima Madre Mar\u00eda se refiri\u00f3 a la Familia del Se\u00f1or en su mensaje del 17 de enero de 2023:<\/span><\/span><\/p>\n<p>\u201c<span style=\"font-family: Georgia, serif;\"><span style=\"font-size: large;\">La Iglesia es la propiedad del Padre y del Hijo y del Esp\u00edritu Santo, que es la \u00fanica Deidad que gobierna desde los cielos. En los tiempos antiguos de los miembros restantes de la Casa de la Sagrada Familia, la Iglesia de Jerusal\u00e9n fue tomada de sus manos. Fueron reemplazados por gentiles que no conoc\u00edan al Padre y que no segu\u00edan al verdadero Se\u00f1or, sino que segu\u00edan a los hombres que hab\u00edan sido nombrados por el falso ap\u00f3stol. Esos gentiles nunca fueron parte de la verdadera Iglesia, por lo que no se puede decir de ellos que no hay diferencia entre los jud\u00edos y los gentiles, ya que la mayor\u00eda de la Casa de Roma en ese momento nunca fue injertada en la Vid Bendita.\u201d Se considera que los miembros de la Familia del Se\u00f1or son los herederos leg\u00edtimos del liderazgo de la iglesia primitiva y ocupan un lugar especial de honor y respeto dentro de la comunidad. Nuestra Se\u00f1ora agreg\u00f3: \u201cEn lugar de caminar por el camino de maldad [de Roma], reconstruid las paredes y restaurad la fe bajo la Santa Familia del Se\u00f1or.\u201d<\/span><\/span><\/p>\n<p><span style=\"font-family: Georgia, serif;\"><span style=\"font-size: large;\">Hoy en d\u00eda, la Iglesia de Jerusal\u00e9n ofrece el Rito Latino tradicional, bajo la Santa Sede de Santiago, para los que son Cat\u00f3licos Romanos que aman la Santa Misa en el lenguaje Latino, y que se han vuelto insatisfechos con los graves errores de Roma y su liderazgo actual. La Santa Sede de Jerusal\u00e9n no est\u00e1 bajo la jurisdicci\u00f3n de la Iglesia Cat\u00f3lica Romana. El t\u00e9rmino \u201cSanta Sede\u201d se usa t\u00edpicamente para referirse a la autoridad espiritual y administrativa del Patriarca y de los obispos en comuni\u00f3n con \u00e9l sobre la Iglesia de Jerusal\u00e9n en todo el mundo. La Santa Sede de Jerusal\u00e9n es una de las sedes m\u00e1s antiguas en la Iglesia global, remont\u00e1ndose a la \u00e9poca de los Ap\u00f3stoles.<\/span><\/span><\/p>\n<p><span style=\"font-family: Georgia, serif;\"><span style=\"font-size: large;\"><a href=\"https:\/\/mewe.com\/join\/ancientcatholicchurchofjerusalem\"><span style=\"text-decoration: underline; color: #0000ff;\">Encu\u00e9ntranos en MeWe<\/span><\/a>. En este momento, MeWe es la \u00fanica red social que utilizamos.<\/span><\/span><\/p>\n<hr \/>\n<p><span style=\"font-family: Georgia, serif;\"><span style=\"font-size: medium;\"><i>No estamos en comuni\u00f3n con Roma ni con ninguna otra jurisdicci\u00f3n Ortodoxa.<\/i><\/span><\/span><\/p>\n","protected":false},"excerpt":{"rendered":"<p>La \u201cFamilia del Se\u00f1or\u201d es una frase que se refiere a los parientes de Jes\u00fas que jugaron un papel importante en la formaci\u00f3n de la Iglesia primitiva. Son los descendientes de Santiago, el hermano de Jes\u00fas, que fue el Obispo de Jerusal\u00e9n. Por esta raz\u00f3n, algunos de ellos ocuparon puestos importantes como obispos y l\u00edderes &#8230; <span class=\"more\"><a class=\"more-link\" href=\"https:\/\/ancientcatholic.org\/es\/acerca-de\/historia\/\">[Read more&#8230;]<\/a><\/span><\/p>\n","protected":false},"author":2,"featured_media":0,"parent":2,"menu_order":2,"comment_status":"closed","ping_status":"closed","template":"","meta":{"footnotes":""},"class_list":["entry","page","publish","author-padreyaaqub","post-52"],"_links":{"self":[{"href":"https:\/\/ancientcatholic.org\/es\/wp-json\/wp\/v2\/pages\/52","targetHints":{"allow":["GET"]}}],"collection":[{"href":"https:\/\/ancientcatholic.org\/es\/wp-json\/wp\/v2\/pages"}],"about":[{"href":"https:\/\/ancientcatholic.org\/es\/wp-json\/wp\/v2\/types\/page"}],"author":[{"embeddable":true,"href":"https:\/\/ancientcatholic.org\/es\/wp-json\/wp\/v2\/users\/2"}],"replies":[{"embeddable":true,"href":"https:\/\/ancientcatholic.org\/es\/wp-json\/wp\/v2\/comments?post=52"}],"version-history":[{"count":4,"href":"https:\/\/ancientcatholic.org\/es\/wp-json\/wp\/v2\/pages\/52\/revisions"}],"predecessor-version":[{"id":470,"href":"https:\/\/ancientcatholic.org\/es\/wp-json\/wp\/v2\/pages\/52\/revisions\/470"}],"up":[{"embeddable":true,"href":"https:\/\/ancientcatholic.org\/es\/wp-json\/wp\/v2\/pages\/2"}],"wp:attachment":[{"href":"https:\/\/ancientcatholic.org\/es\/wp-json\/wp\/v2\/media?parent=52"}],"curies":[{"name":"wp","href":"https:\/\/api.w.org\/{rel}","templated":true}]}}