{"id":42,"date":"2023-08-24T13:48:46","date_gmt":"2023-08-24T13:48:46","guid":{"rendered":"https:\/\/ancientcatholic.org\/es\/?page_id=42"},"modified":"2024-04-21T12:14:16","modified_gmt":"2024-04-21T12:14:16","slug":"la-biblia","status":"publish","type":"page","link":"https:\/\/ancientcatholic.org\/es\/la-biblia\/","title":{"rendered":"Biblia"},"content":{"rendered":"<p><span style=\"color: #000000; --darkreader-inline-color: #e8e6e3;\" data-darkreader-inline-color=\"\"><span style=\"font-family: Georgia, serif;\"><span style=\"font-size: large;\">Los libros de la Biblia:<\/span><\/span><\/span><\/p>\n<table border=\"0\" width=\"100%\" cellspacing=\"0\" cellpadding=\"0\">\n<tbody>\n<tr valign=\"TOP\">\n<td width=\"50%\">\n<ul>\n<li><span style=\"color: #000000; --darkreader-inline-color: #e8e6e3;\" data-darkreader-inline-color=\"\"><span style=\"font-family: Georgia, serif;\"><span style=\"font-size: large;\">G\u00e9nesis.<\/span><\/span><\/span><\/li>\n<li><span style=\"color: #000000; --darkreader-inline-color: #e8e6e3;\" data-darkreader-inline-color=\"\"><span style=\"font-family: Georgia, serif;\"><span style=\"font-size: large;\">\u00c9xodo.<\/span><\/span><\/span><\/li>\n<li><span style=\"color: #000000; --darkreader-inline-color: #e8e6e3;\" data-darkreader-inline-color=\"\"><span style=\"font-family: Georgia, serif;\"><span style=\"font-size: large;\">Lev\u00edtico.<\/span><\/span><\/span><\/li>\n<li><span style=\"color: #000000; --darkreader-inline-color: #e8e6e3;\" data-darkreader-inline-color=\"\"><span style=\"font-family: Georgia, serif;\"><span style=\"font-size: large;\">N\u00fameros.<\/span><\/span><\/span><\/li>\n<li><span style=\"color: #000000; --darkreader-inline-color: #e8e6e3;\" data-darkreader-inline-color=\"\"><span style=\"font-family: Georgia, serif;\"><span style=\"font-size: large;\">Deuteronomio.<\/span><\/span><\/span><\/li>\n<li><span style=\"color: #000000; --darkreader-inline-color: #e8e6e3;\" data-darkreader-inline-color=\"\"><span style=\"font-family: Georgia, serif;\"><span style=\"font-size: large;\">Josu\u00e9.<\/span><\/span><\/span><\/li>\n<li><span style=\"color: #000000; --darkreader-inline-color: #e8e6e3;\" data-darkreader-inline-color=\"\"><span style=\"font-family: Georgia, serif;\"><span style=\"font-size: large;\">Jueces.<\/span><\/span><\/span><\/li>\n<li><span style=\"color: #000000; --darkreader-inline-color: #e8e6e3;\" data-darkreader-inline-color=\"\"><span style=\"font-family: Georgia, serif;\"><span style=\"font-size: large;\">Rut.<\/span><\/span><\/span><\/li>\n<li><span style=\"color: #000000; --darkreader-inline-color: #e8e6e3;\" data-darkreader-inline-color=\"\"><span style=\"font-family: Georgia, serif;\"><span style=\"font-size: large;\">1 Reyes (1 Samuel).<\/span><\/span><\/span><\/li>\n<li><span style=\"color: #000000; --darkreader-inline-color: #e8e6e3;\" data-darkreader-inline-color=\"\"><span style=\"font-family: Georgia, serif;\"><span style=\"font-size: large;\">2 Reyes (2 Samuel).<\/span><\/span><\/span><\/li>\n<li><span style=\"color: #000000; --darkreader-inline-color: #e8e6e3;\" data-darkreader-inline-color=\"\"><span style=\"font-family: Georgia, serif;\"><span style=\"font-size: large;\">3 Reyes (1 Reyes).<\/span><\/span><\/span><\/li>\n<li><span style=\"color: #000000; --darkreader-inline-color: #e8e6e3;\" data-darkreader-inline-color=\"\"><span style=\"font-family: Georgia, serif;\"><span style=\"font-size: large;\">4 Reyes (2 Reyes).<\/span><\/span><\/span><\/li>\n<li><span style=\"color: #000000; --darkreader-inline-color: #e8e6e3;\" data-darkreader-inline-color=\"\"><span style=\"font-family: Georgia, serif;\"><span style=\"font-size: large;\">1 Paralip\u00f3menos (1 Cr\u00f3nicas).<\/span><\/span><\/span><\/li>\n<li><span style=\"color: #000000; --darkreader-inline-color: #e8e6e3;\" data-darkreader-inline-color=\"\"><span style=\"font-family: Georgia, serif;\"><span style=\"font-size: large;\">2 Paralip\u00f3menos (2 Cr\u00f3nicas).<\/span><\/span><\/span><\/li>\n<li><span style=\"color: #000000; --darkreader-inline-color: #e8e6e3;\" data-darkreader-inline-color=\"\"><span style=\"font-family: Georgia, serif;\"><span style=\"font-size: large;\">1 Esdras (Ezra).<\/span><\/span><\/span><\/li>\n<li><span style=\"color: #000000; --darkreader-inline-color: #e8e6e3;\" data-darkreader-inline-color=\"\"><span style=\"font-family: Georgia, serif;\"><span style=\"font-size: large;\">2 Esdras (Nehem\u00edas).<\/span><\/span><\/span><\/li>\n<li><span style=\"color: #000000; --darkreader-inline-color: #e8e6e3;\" data-darkreader-inline-color=\"\"><span style=\"font-family: Georgia, serif;\"><span style=\"font-size: large;\">Tob\u00edas.<\/span><\/span><\/span><\/li>\n<li><span style=\"color: #000000; --darkreader-inline-color: #e8e6e3;\" data-darkreader-inline-color=\"\"><span style=\"font-family: Georgia, serif;\"><span style=\"font-size: large;\">Judit.<\/span><\/span><\/span><\/li>\n<li><span style=\"color: #000000; --darkreader-inline-color: #e8e6e3;\" data-darkreader-inline-color=\"\"><span style=\"font-family: Georgia, serif;\"><span style=\"font-size: large;\">Ester.<\/span><\/span><\/span><\/li>\n<li><span style=\"color: #000000; --darkreader-inline-color: #e8e6e3;\" data-darkreader-inline-color=\"\"><span style=\"font-family: Georgia, serif;\"><span style=\"font-size: large;\">Job.<\/span><\/span><\/span><\/li>\n<li><span style=\"color: #000000; --darkreader-inline-color: #e8e6e3;\" data-darkreader-inline-color=\"\"><span style=\"font-family: Georgia, serif;\"><span style=\"font-size: large;\">Salmos.<\/span><\/span><\/span><\/li>\n<li><span style=\"color: #000000; --darkreader-inline-color: #e8e6e3;\" data-darkreader-inline-color=\"\"><span style=\"font-family: Georgia, serif;\"><span style=\"font-size: large;\">Proverbios.<\/span><\/span><\/span><\/li>\n<li><span style=\"color: #000000; --darkreader-inline-color: #e8e6e3;\" data-darkreader-inline-color=\"\"><span style=\"font-family: Georgia, serif;\"><span style=\"font-size: large;\">Eclesiast\u00e9s.<\/span><\/span><\/span><\/li>\n<li><span style=\"color: #000000; --darkreader-inline-color: #e8e6e3;\" data-darkreader-inline-color=\"\"><span style=\"font-family: Georgia, serif;\"><span style=\"font-size: large;\">El Cantar de los Cantares (Salom\u00f3n).<\/span><\/span><\/span><\/li>\n<li><span style=\"color: #000000; --darkreader-inline-color: #e8e6e3;\" data-darkreader-inline-color=\"\"><span style=\"font-family: Georgia, serif;\"><span style=\"font-size: large;\">Sabidur\u00eda.<\/span><\/span><\/span><\/li>\n<li><span style=\"color: #000000; --darkreader-inline-color: #e8e6e3;\" data-darkreader-inline-color=\"\"><span style=\"font-family: Georgia, serif;\"><span style=\"font-size: large;\">Eclesi\u00e1stico (Sir\u00e1cides).<\/span><\/span><\/span><\/li>\n<li><span style=\"color: #000000; --darkreader-inline-color: #e8e6e3;\" data-darkreader-inline-color=\"\"><span style=\"font-family: Georgia, serif;\"><span style=\"font-size: large;\">Isa\u00edas.<\/span><\/span><\/span><\/li>\n<li><span style=\"color: #000000; --darkreader-inline-color: #e8e6e3;\" data-darkreader-inline-color=\"\"><span style=\"font-family: Georgia, serif;\"><span style=\"font-size: large;\">Jerem\u00edas.<\/span><\/span><\/span><\/li>\n<li><span style=\"color: #000000; --darkreader-inline-color: #e8e6e3;\" data-darkreader-inline-color=\"\"><span style=\"font-family: Georgia, serif;\"><span style=\"font-size: large;\">Lamentaciones.<\/span><\/span><\/span><\/li>\n<li><span style=\"color: #000000; --darkreader-inline-color: #e8e6e3;\" data-darkreader-inline-color=\"\"><span style=\"font-family: Georgia, serif;\"><span style=\"font-size: large;\">Baruc<\/span><\/span><\/span><\/li>\n<li><span style=\"color: #000000; --darkreader-inline-color: #e8e6e3;\" data-darkreader-inline-color=\"\"><span style=\"font-family: Georgia, serif;\"><span style=\"font-size: large;\">Ezequiel.<\/span><\/span><\/span><\/li>\n<li><span style=\"color: #000000; --darkreader-inline-color: #e8e6e3;\" data-darkreader-inline-color=\"\"><span style=\"font-family: Georgia, serif;\"><span style=\"font-size: large;\">Daniel.<\/span><\/span><\/span><\/li>\n<li><span style=\"color: #000000; --darkreader-inline-color: #e8e6e3;\" data-darkreader-inline-color=\"\"><span style=\"font-family: Georgia, serif;\"><span style=\"font-size: large;\">Oseas.<\/span><\/span><\/span><\/li>\n<li><span style=\"color: #000000; --darkreader-inline-color: #e8e6e3;\" data-darkreader-inline-color=\"\"><span style=\"font-family: Georgia, serif;\"><span style=\"font-size: large;\">Joel.<\/span><\/span><\/span><\/li>\n<li><span style=\"color: #000000; --darkreader-inline-color: #e8e6e3;\" data-darkreader-inline-color=\"\"><span style=\"font-family: Georgia, serif;\"><span style=\"font-size: large;\">Am\u00f3s.<\/span><\/span><\/span><\/li>\n<li><span style=\"color: #000000; --darkreader-inline-color: #e8e6e3;\" data-darkreader-inline-color=\"\"><span style=\"font-family: Georgia, serif;\"><span style=\"font-size: large;\">Abd\u00edas.<\/span><\/span><\/span><\/li>\n<li><span style=\"color: #000000; --darkreader-inline-color: #e8e6e3;\" data-darkreader-inline-color=\"\"><span style=\"font-family: Georgia, serif;\"><span style=\"font-size: large;\">Jon\u00e1s.<\/span><\/span><\/span><\/li>\n<\/ul>\n<\/td>\n<td width=\"50%\">\n<ul>\n<li><span style=\"color: #000000; --darkreader-inline-color: #e8e6e3;\" data-darkreader-inline-color=\"\"><span style=\"font-family: Georgia, serif;\"><span style=\"font-size: large;\">Miqueas.<\/span><\/span><\/span><\/li>\n<li><span style=\"color: #000000; --darkreader-inline-color: #e8e6e3;\" data-darkreader-inline-color=\"\"><span style=\"font-family: Georgia, serif;\"><span style=\"font-size: large;\">Nah\u00fam.<\/span><\/span><\/span><\/li>\n<li><span style=\"color: #000000; --darkreader-inline-color: #e8e6e3;\" data-darkreader-inline-color=\"\"><span style=\"font-family: Georgia, serif;\"><span style=\"font-size: large;\">Habacuc.<\/span><\/span><\/span><\/li>\n<li><span style=\"color: #000000; --darkreader-inline-color: #e8e6e3;\" data-darkreader-inline-color=\"\"><span style=\"font-family: Georgia, serif;\"><span style=\"font-size: large;\">Sofon\u00edas.<\/span><\/span><\/span><\/li>\n<li><span style=\"color: #000000; --darkreader-inline-color: #e8e6e3;\" data-darkreader-inline-color=\"\"><span style=\"font-family: Georgia, serif;\"><span style=\"font-size: large;\">Ageo.<\/span><\/span><\/span><\/li>\n<li><span style=\"color: #000000; --darkreader-inline-color: #e8e6e3;\" data-darkreader-inline-color=\"\"><span style=\"font-family: Georgia, serif;\"><span style=\"font-size: large;\">Zacar\u00edas.<\/span><\/span><\/span><\/li>\n<li><span style=\"color: #000000; --darkreader-inline-color: #e8e6e3;\" data-darkreader-inline-color=\"\"><span style=\"font-family: Georgia, serif;\"><span style=\"font-size: large;\">Malaqu\u00edas.<\/span><\/span><\/span><\/li>\n<li><span style=\"color: #000000; --darkreader-inline-color: #e8e6e3;\" data-darkreader-inline-color=\"\"><span style=\"font-family: Georgia, serif;\"><span style=\"font-size: large;\">1 Macabeos.<\/span><\/span><\/span><\/li>\n<li><span style=\"color: #000000; --darkreader-inline-color: #e8e6e3;\" data-darkreader-inline-color=\"\"><span style=\"font-family: Georgia, serif;\"><span style=\"font-size: large;\">2 Macabeos.<\/span><\/span><\/span><\/li>\n<li><span style=\"color: #000000; --darkreader-inline-color: #e8e6e3;\" data-darkreader-inline-color=\"\"><span style=\"font-family: Georgia, serif;\"><span style=\"font-size: large;\">Mateo.<\/span><\/span><\/span><\/li>\n<li><span style=\"color: #000000; --darkreader-inline-color: #e8e6e3;\" data-darkreader-inline-color=\"\"><span style=\"font-family: Georgia, serif;\"><span style=\"font-size: large;\">Marcos.<\/span><\/span><\/span><\/li>\n<li><span style=\"color: #000000; --darkreader-inline-color: #e8e6e3;\" data-darkreader-inline-color=\"\"><span style=\"font-family: Georgia, serif;\"><span style=\"font-size: large;\">Lucas.<\/span><\/span><\/span><\/li>\n<li><span style=\"color: #000000; --darkreader-inline-color: #e8e6e3;\" data-darkreader-inline-color=\"\"><span style=\"font-family: Georgia, serif;\"><span style=\"font-size: large;\">Juan.<\/span><\/span><\/span><\/li>\n<li><span style=\"color: #000000; --darkreader-inline-color: #e8e6e3;\" data-darkreader-inline-color=\"\"><span style=\"font-family: Georgia, serif;\"><span style=\"font-size: large;\">Hechos.<\/span><\/span><\/span><\/li>\n<li><span style=\"color: #000000; --darkreader-inline-color: #e8e6e3;\" data-darkreader-inline-color=\"\"><span style=\"font-family: Georgia, serif;\"><span style=\"font-size: large;\">Romanos.<\/span><\/span><\/span><\/li>\n<li><span style=\"color: #000000; --darkreader-inline-color: #e8e6e3;\" data-darkreader-inline-color=\"\"><span style=\"font-family: Georgia, serif;\"><span style=\"font-size: large;\">1 Corintios.<\/span><\/span><\/span><\/li>\n<li><span style=\"color: #000000; --darkreader-inline-color: #e8e6e3;\" data-darkreader-inline-color=\"\"><span style=\"font-family: Georgia, serif;\"><span style=\"font-size: large;\">2 Corintios.<\/span><\/span><\/span><\/li>\n<li><span style=\"color: #000000; --darkreader-inline-color: #e8e6e3;\" data-darkreader-inline-color=\"\"><span style=\"font-family: Georgia, serif;\"><span style=\"font-size: large;\">G\u00e1latas.<\/span><\/span><\/span><\/li>\n<li><span style=\"color: #000000; --darkreader-inline-color: #e8e6e3;\" data-darkreader-inline-color=\"\"><span style=\"font-family: Georgia, serif;\"><span style=\"font-size: large;\">Efesios.<\/span><\/span><\/span><\/li>\n<li><span style=\"color: #000000; --darkreader-inline-color: #e8e6e3;\" data-darkreader-inline-color=\"\"><span style=\"font-family: Georgia, serif;\"><span style=\"font-size: large;\">Filipenses.<\/span><\/span><\/span><\/li>\n<li><span style=\"color: #000000; --darkreader-inline-color: #e8e6e3;\" data-darkreader-inline-color=\"\"><span style=\"font-family: Georgia, serif;\"><span style=\"font-size: large;\">Colosenses.<\/span><\/span><\/span><\/li>\n<li><span style=\"color: #000000; --darkreader-inline-color: #e8e6e3;\" data-darkreader-inline-color=\"\"><span style=\"font-family: Georgia, serif;\"><span style=\"font-size: large;\">1 Tesalonicenses.<\/span><\/span><\/span><\/li>\n<li><span style=\"color: #000000; --darkreader-inline-color: #e8e6e3;\" data-darkreader-inline-color=\"\"><span style=\"font-family: Georgia, serif;\"><span style=\"font-size: large;\">2 Tesalonicenses.<\/span><\/span><\/span><\/li>\n<li><span style=\"color: #000000; --darkreader-inline-color: #e8e6e3;\" data-darkreader-inline-color=\"\"><span style=\"font-family: Georgia, serif;\"><span style=\"font-size: large;\">1 Timoteo.<\/span><\/span><\/span><\/li>\n<li><span style=\"color: #000000; --darkreader-inline-color: #e8e6e3;\" data-darkreader-inline-color=\"\"><span style=\"font-family: Georgia, serif;\"><span style=\"font-size: large;\">2 Timoteo.<\/span><\/span><\/span><\/li>\n<li><span style=\"color: #000000; --darkreader-inline-color: #e8e6e3;\" data-darkreader-inline-color=\"\"><span style=\"font-family: Georgia, serif;\"><span style=\"font-size: large;\">Tito.<\/span><\/span><\/span><\/li>\n<li><span style=\"color: #000000; --darkreader-inline-color: #e8e6e3;\" data-darkreader-inline-color=\"\"><span style=\"font-family: Georgia, serif;\"><span style=\"font-size: large;\">Filem\u00f3n.<\/span><\/span><\/span><\/li>\n<li><span style=\"color: #000000; --darkreader-inline-color: #e8e6e3;\" data-darkreader-inline-color=\"\"><span style=\"font-family: Georgia, serif;\"><span style=\"font-size: large;\">Hebreos.<\/span><\/span><\/span><\/li>\n<li><span style=\"color: #000000; --darkreader-inline-color: #e8e6e3;\" data-darkreader-inline-color=\"\"><span style=\"font-family: Georgia, serif;\"><span style=\"font-size: large;\">Santiago.<\/span><\/span><\/span><\/li>\n<li><span style=\"color: #000000; --darkreader-inline-color: #e8e6e3;\" data-darkreader-inline-color=\"\"><span style=\"font-family: Georgia, serif;\"><span style=\"font-size: large;\">1 Pedro.<\/span><\/span><\/span><\/li>\n<li><span style=\"color: #000000; --darkreader-inline-color: #e8e6e3;\" data-darkreader-inline-color=\"\"><span style=\"font-family: Georgia, serif;\"><span style=\"font-size: large;\">2 Pedro.<\/span><\/span><\/span><\/li>\n<li><span style=\"color: #000000; --darkreader-inline-color: #e8e6e3;\" data-darkreader-inline-color=\"\"><span style=\"font-family: Georgia, serif;\"><span style=\"font-size: large;\">1 Juan.<\/span><\/span><\/span><\/li>\n<li><span style=\"color: #000000; --darkreader-inline-color: #e8e6e3;\" data-darkreader-inline-color=\"\"><span style=\"font-family: Georgia, serif;\"><span style=\"font-size: large;\">2 Juan.<\/span><\/span><\/span><\/li>\n<li><span style=\"color: #000000; --darkreader-inline-color: #e8e6e3;\" data-darkreader-inline-color=\"\"><span style=\"font-family: Georgia, serif;\"><span style=\"font-size: large;\">3 Juan.<\/span><\/span><\/span><\/li>\n<li><span style=\"color: #000000; --darkreader-inline-color: #e8e6e3;\" data-darkreader-inline-color=\"\"><span style=\"font-family: Georgia, serif;\"><span style=\"font-size: large;\">Judas.<\/span><\/span><\/span><\/li>\n<li><span style=\"color: #000000; --darkreader-inline-color: #e8e6e3;\" data-darkreader-inline-color=\"\"><span style=\"font-family: Georgia, serif;\"><span style=\"font-size: large;\">Apocalipsis.<\/span><\/span><\/span><\/li>\n<\/ul>\n<\/td>\n<\/tr>\n<\/tbody>\n<\/table>\n<p><span style=\"color: #000000; --darkreader-inline-color: #e8e6e3;\" data-darkreader-inline-color=\"\"><span style=\"font-family: Georgia, serif;\"><span style=\"font-size: large;\">La <a href=\"https:\/\/ancientcatholic.org\/es\/wp-content\/uploads\/2023\/08\/Didache-ACCoJversion-es-es.pdf\" target=\"_blank\" rel=\"noopener\">Didach\u00e9<\/a> tambi\u00e9n se considera como una Sagrada Escritura en la Iglesia Cat\u00f3lica Antigua de Jerusal\u00e9n.<\/span><\/span><\/span><\/p>\n<hr \/>\n<p><span style=\"color: #000000; --darkreader-inline-color: #e8e6e3;\" data-darkreader-inline-color=\"\"><span style=\"font-family: Georgia, serif;\"><span style=\"font-size: x-large;\"><b>Relacionado<\/b><\/span><\/span><\/span><\/p>\n<ul>\n<li><a href=\"https:\/\/ancientcatholic.org\/es\/wp-content\/uploads\/2024\/04\/Communique-on-Bible-Translations-es-es.pdf\" target=\"_blank\" rel=\"noopener\"><span style=\"color: #000000; --darkreader-inline-color: #e8e6e3;\" data-darkreader-inline-color=\"\"><span style=\"font-family: Georgia, serif;\"><span style=\"font-size: large;\"><span style=\"color: #3366ff;\" data-darkreader-inline-color=\"\">Traducciones de la Biblia<\/span><\/span><\/span><\/span><\/a><\/li>\n<li><span style=\"color: #3366ff;\" data-darkreader-inline-color=\"\"><a style=\"color: #3366ff;\" href=\"https:\/\/ancientcatholic.org\/es\/wp-content\/uploads\/2024\/04\/What-is-the-Latin-Vulgate-es-es.pdf\" target=\"_blank\" rel=\"noopener\" data-darkreader-inline-color=\"\"><span style=\"--darkreader-inline-color: #e8e6e3;\"><span style=\"font-family: Georgia, serif;\"><span style=\"font-size: large;\">\u00bfQu\u00e9 es la Vulgata Latina?<\/span><\/span><\/span><\/a><\/span><\/li>\n<li><a href=\"https:\/\/ancientcatholic.org\/es\/leccionario\/\"><span style=\"color: #000000; --darkreader-inline-color: #e8e6e3;\" data-darkreader-inline-color=\"\"><span style=\"font-family: Georgia, serif;\"><span style=\"font-size: large;\"><span style=\"color: #3366ff;\" data-darkreader-inline-color=\"\">Leccionario<\/span><\/span><\/span><\/span><\/a><\/li>\n<\/ul>\n","protected":false},"excerpt":{"rendered":"<p>Los libros de la Biblia: G\u00e9nesis. \u00c9xodo. Lev\u00edtico. N\u00fameros. Deuteronomio. Josu\u00e9. Jueces. Rut. 1 Reyes (1 Samuel). 2 Reyes (2 Samuel). 3 Reyes (1 Reyes). 4 Reyes (2 Reyes). 1 Paralip\u00f3menos (1 Cr\u00f3nicas). 2 Paralip\u00f3menos (2 Cr\u00f3nicas). 1 Esdras (Ezra). 2 Esdras (Nehem\u00edas). Tob\u00edas. Judit. Ester. Job. Salmos. Proverbios. Eclesiast\u00e9s. El Cantar de los Cantares &#8230; <span class=\"more\"><a class=\"more-link\" href=\"https:\/\/ancientcatholic.org\/es\/la-biblia\/\">[Read more&#8230;]<\/a><\/span><\/p>\n","protected":false},"author":2,"featured_media":0,"parent":0,"menu_order":6,"comment_status":"closed","ping_status":"closed","template":"","meta":{"footnotes":""},"class_list":["entry","page","publish","author-padreyaaqub","post-42"],"_links":{"self":[{"href":"https:\/\/ancientcatholic.org\/es\/wp-json\/wp\/v2\/pages\/42","targetHints":{"allow":["GET"]}}],"collection":[{"href":"https:\/\/ancientcatholic.org\/es\/wp-json\/wp\/v2\/pages"}],"about":[{"href":"https:\/\/ancientcatholic.org\/es\/wp-json\/wp\/v2\/types\/page"}],"author":[{"embeddable":true,"href":"https:\/\/ancientcatholic.org\/es\/wp-json\/wp\/v2\/users\/2"}],"replies":[{"embeddable":true,"href":"https:\/\/ancientcatholic.org\/es\/wp-json\/wp\/v2\/comments?post=42"}],"version-history":[{"count":15,"href":"https:\/\/ancientcatholic.org\/es\/wp-json\/wp\/v2\/pages\/42\/revisions"}],"predecessor-version":[{"id":327,"href":"https:\/\/ancientcatholic.org\/es\/wp-json\/wp\/v2\/pages\/42\/revisions\/327"}],"wp:attachment":[{"href":"https:\/\/ancientcatholic.org\/es\/wp-json\/wp\/v2\/media?parent=42"}],"curies":[{"name":"wp","href":"https:\/\/api.w.org\/{rel}","templated":true}]}}