{"id":40,"date":"2023-08-24T13:48:16","date_gmt":"2023-08-24T13:48:16","guid":{"rendered":"https:\/\/ancientcatholic.org\/es\/?page_id=40"},"modified":"2024-11-23T21:28:28","modified_gmt":"2024-11-23T21:28:28","slug":"apariciones","status":"publish","type":"page","link":"https:\/\/ancientcatholic.org\/es\/apariciones\/","title":{"rendered":"Apariciones"},"content":{"rendered":"<p><span style=\"color: #000000; --darkreader-inline-color: #e8e6e3;\" data-darkreader-inline-color=\"\"><span style=\"font-family: Georgia, serif;\"><span style=\"font-size: large;\"><b>Nuestra Se\u00f1ora de Uzbekist\u00e1n<img loading=\"lazy\" decoding=\"async\" class=\"size-full wp-image-134 alignright\" src=\"https:\/\/ancientcatholic.org\/es\/wp-content\/uploads\/2024\/04\/blessed-mother-mary-02-181x300-1.jpg\" alt=\"\" width=\"181\" height=\"300\" \/><\/b><\/span><\/span><\/span><\/p>\n<ul>\n<li><span style=\"text-decoration: underline;\"><span style=\"color: #3366ff; --darkreader-inline-color: #3d96ff;\" data-darkreader-inline-color=\"\"><a style=\"color: #3366ff; --darkreader-inline-color: #3d96ff;\" href=\"https:\/\/ancientcatholic.org\/es\/wp-content\/uploads\/2024\/04\/Apparitions-of-January-12-and-13-2023-es-es.pdf\" target=\"_blank\" rel=\"noopener\" data-darkreader-inline-color=\"\"><span style=\"font-family: Georgia, serif;\"><span style=\"font-size: large;\"><span style=\"color: #0000ff; text-decoration: underline;\">12 y 13 de Enero, 2023<\/span><\/span><\/span><\/a><\/span><\/span><\/li>\n<li><span style=\"color: #3366ff; --darkreader-inline-color: #3d96ff;\" data-darkreader-inline-color=\"\"><a style=\"color: #3366ff; --darkreader-inline-color: #3d96ff;\" href=\"https:\/\/ancientcatholic.org\/es\/wp-content\/uploads\/2024\/04\/Apparitions-of-January-17-2023-es-es.pdf\" target=\"_blank\" rel=\"noopener\" data-darkreader-inline-color=\"\"><span style=\"font-family: Georgia, serif;\"><span style=\"font-size: large;\"><span style=\"text-decoration: underline; color: #0000ff;\">17 de Enero, 2023<\/span><\/span><\/span><\/a><\/span><\/li>\n<li><span style=\"color: #000000; --darkreader-inline-color: #e8e6e3;\" data-darkreader-inline-color=\"\"><span style=\"font-family: Georgia, serif;\"><span style=\"font-size: large;\">5 de Febrero, 2023*<\/span><\/span><\/span><\/li>\n<li><span style=\"color: #000000; --darkreader-inline-color: #e8e6e3;\" data-darkreader-inline-color=\"\"><span style=\"font-family: Georgia, serif;\"><span style=\"font-size: large;\">23 de Febrero, 2023*<\/span><\/span><\/span><\/li>\n<li><a href=\"https:\/\/ancientcatholic.org\/es\/wp-content\/uploads\/2024\/04\/Apparitions-of-March-02-2023-es-es.pdf\" target=\"_blank\" rel=\"noopener\"><span style=\"color: #000000; --darkreader-inline-color: #e8e6e3;\" data-darkreader-inline-color=\"\"><span style=\"font-family: Georgia, serif;\"><span style=\"font-size: large;\"><span style=\"color: #3366ff; --darkreader-inline-color: #3d96ff;\" data-darkreader-inline-color=\"\"><span style=\"text-decoration: underline; color: #0000ff;\">2 de Marzo, 2023<\/span><\/span><\/span><\/span><\/span><\/a><\/li>\n<\/ul>\n<p><span style=\"color: #000000; --darkreader-inline-color: #e8e6e3;\" data-darkreader-inline-color=\"\"><span style=\"font-family: Georgia, serif;\"><span style=\"font-size: large;\"><b>San Miguel Arc\u00e1ngel<\/b><\/span><\/span><\/span><\/p>\n<ul>\n<li><a href=\"https:\/\/ancientcatholic.org\/es\/wp-content\/uploads\/2024\/04\/Saint-Michael-February-8-2023-es-es.pdf\" target=\"_blank\" rel=\"noopener\"><span style=\"color: #000000; --darkreader-inline-color: #e8e6e3;\" data-darkreader-inline-color=\"\"><span style=\"font-family: Georgia, serif;\"><span style=\"font-size: large;\"><span style=\"color: #3366ff; --darkreader-inline-color: #3d96ff;\" data-darkreader-inline-color=\"\"><span style=\"text-decoration: underline; color: #0000ff;\">Batalla Espiritual \u2013 8 de Febrero, 2023<\/span><\/span><\/span><\/span><\/span><\/a><\/li>\n<\/ul>\n<p><span style=\"color: #000000; --darkreader-inline-color: #e8e6e3;\" data-darkreader-inline-color=\"\"><strong><span style=\"font-family: Georgia, serif;\"><span style=\"font-size: large;\">El Profeta Mir Eliya<\/span><\/span><\/strong><\/span><\/p>\n<ul>\n<li><a href=\"https:\/\/ancientcatholic.org\/es\/wp-content\/uploads\/2024\/06\/Mensaje-para-el-19-de-Junio-2024-de-Mir-Eliya.pdf\" target=\"_blank\" rel=\"noopener\"><span style=\"color: #000000; --darkreader-inline-color: #e8e6e3;\" data-darkreader-inline-color=\"\"><span style=\"font-family: Georgia, serif;\"><span style=\"font-size: large;\"><span style=\"color: #3366ff; --darkreader-inline-color: #3d96ff;\" data-darkreader-inline-color=\"\"><span style=\"text-decoration: underline; color: #0000ff;\">Mensaje para el 19 de Junio, 2024<\/span><\/span><\/span><\/span><\/span><\/a><\/li>\n<li><a href=\"https:\/\/ancientcatholic.org\/es\/wp-content\/uploads\/2024\/06\/La-Misa-Tradicional-Latina-es-un-Peligro-para-Satanas-de-Mir-Eliya.pdf\" target=\"_blank\" rel=\"noopener\"><span style=\"color: #000000; --darkreader-inline-color: #e8e6e3;\" data-darkreader-inline-color=\"\"><span style=\"font-family: Georgia, serif;\"><span style=\"font-size: large;\"><span style=\"color: #3366ff; --darkreader-inline-color: #3d96ff;\" data-darkreader-inline-color=\"\"><span style=\"text-decoration: underline; color: #0000ff;\">La Misa Tradicional Latina es un Peligro para Satan\u00e1s<\/span><\/span><\/span><\/span><\/span><\/a><\/li>\n<\/ul>\n<p><span style=\"color: #000000; --darkreader-inline-color: #e8e6e3;\" data-darkreader-inline-color=\"\"><span style=\"font-family: Georgia, serif;\"><span style=\"font-size: medium;\">* Actualmente no est\u00e1n disponibles como documentos<\/span><\/span><\/span><\/p>\n","protected":false},"excerpt":{"rendered":"<p>Nuestra Se\u00f1ora de Uzbekist\u00e1n 12 y 13 de Enero, 2023 17 de Enero, 2023 5 de Febrero, 2023* 23 de Febrero, 2023* 2 de Marzo, 2023 San Miguel Arc\u00e1ngel Batalla Espiritual \u2013 8 de Febrero, 2023 El Profeta Mir Eliya Mensaje para el 19 de Junio, 2024 La Misa Tradicional Latina es un Peligro para &#8230; <span class=\"more\"><a class=\"more-link\" href=\"https:\/\/ancientcatholic.org\/es\/apariciones\/\">[Read more&#8230;]<\/a><\/span><\/p>\n","protected":false},"author":2,"featured_media":0,"parent":0,"menu_order":5,"comment_status":"closed","ping_status":"closed","template":"","meta":{"footnotes":""},"class_list":["entry","page","publish","author-padreyaaqub","post-40"],"_links":{"self":[{"href":"https:\/\/ancientcatholic.org\/es\/wp-json\/wp\/v2\/pages\/40","targetHints":{"allow":["GET"]}}],"collection":[{"href":"https:\/\/ancientcatholic.org\/es\/wp-json\/wp\/v2\/pages"}],"about":[{"href":"https:\/\/ancientcatholic.org\/es\/wp-json\/wp\/v2\/types\/page"}],"author":[{"embeddable":true,"href":"https:\/\/ancientcatholic.org\/es\/wp-json\/wp\/v2\/users\/2"}],"replies":[{"embeddable":true,"href":"https:\/\/ancientcatholic.org\/es\/wp-json\/wp\/v2\/comments?post=40"}],"version-history":[{"count":19,"href":"https:\/\/ancientcatholic.org\/es\/wp-json\/wp\/v2\/pages\/40\/revisions"}],"predecessor-version":[{"id":477,"href":"https:\/\/ancientcatholic.org\/es\/wp-json\/wp\/v2\/pages\/40\/revisions\/477"}],"wp:attachment":[{"href":"https:\/\/ancientcatholic.org\/es\/wp-json\/wp\/v2\/media?parent=40"}],"curies":[{"name":"wp","href":"https:\/\/api.w.org\/{rel}","templated":true}]}}