{"id":36,"date":"2023-08-24T13:47:03","date_gmt":"2023-08-24T13:47:03","guid":{"rendered":"https:\/\/ancientcatholic.org\/es\/?page_id=36"},"modified":"2024-11-22T20:04:54","modified_gmt":"2024-11-22T20:04:54","slug":"sagrado-corazon","status":"publish","type":"page","link":"https:\/\/ancientcatholic.org\/es\/sagrado-corazon\/","title":{"rendered":"Sagrado Coraz\u00f3n"},"content":{"rendered":"<p><img loading=\"lazy\" decoding=\"async\" class=\"size-full wp-image-140 aligncenter\" src=\"https:\/\/ancientcatholic.org\/es\/wp-content\/uploads\/2024\/04\/sacred-heart-300x300-1.png\" alt=\"\" width=\"300\" height=\"300\" srcset=\"https:\/\/ancientcatholic.org\/es\/wp-content\/uploads\/2024\/04\/sacred-heart-300x300-1.png 300w, https:\/\/ancientcatholic.org\/es\/wp-content\/uploads\/2024\/04\/sacred-heart-300x300-1-150x150.png 150w\" sizes=\"auto, (max-width: 300px) 100vw, 300px\" \/><\/p>\n<p><span style=\"font-family: Georgia, serif; color: #000000; --darkreader-inline-color: #e8e6e3;\" data-darkreader-inline-color=\"\"><span style=\"font-size: large;\">El Sagrado Coraz\u00f3n de Jes\u00fas es una devoci\u00f3n religiosa especial al coraz\u00f3n f\u00edsico de Cristo como un s\u00edmbolo santo del amor divino. Es un tema central en la espiritualidad Cat\u00f3lica y casi siempre se representa en el arte y en la iconograf\u00eda como un coraz\u00f3n en llamas, a veces coronado por la Cruz, a menudo con una corona de espinas y clavos que lo perforan.<\/span><\/span><\/p>\n<p><span style=\"font-family: Georgia, serif; color: #000000; --darkreader-inline-color: #e8e6e3;\" data-darkreader-inline-color=\"\"><span style=\"font-size: large;\">La devoci\u00f3n al Sagrado Coraz\u00f3n se asocia con reflexiones sobre el amor de Dios como se revela en los Evangelios, particularmente en el Evangelio seg\u00fan San Juan. Tambi\u00e9n est\u00e1 conectado a la devoci\u00f3n a la Santa Humanidad de Jes\u00fas, que enfatiza la humanidad de Jes\u00fas, incluido su coraz\u00f3n f\u00edsico, como un medio para experimentar Su amor divino.<\/span><\/span><\/p>\n<p><span style=\"font-family: Georgia, serif; color: #000000; --darkreader-inline-color: #e8e6e3;\" data-darkreader-inline-color=\"\"><span style=\"font-size: large;\">Adem\u00e1s de ser un objeto de devoci\u00f3n personal, el Sagrado Coraz\u00f3n a menudo se representa en iconos, pinturas, esculturas y otras formas de expresi\u00f3n art\u00edstica. La celebraci\u00f3n de la Fiesta del Sagrado Coraz\u00f3n es una de las devociones especiales en la Iglesia de Jerusal\u00e9n.<\/span><\/span><\/p>\n<hr \/>\n<p><span style=\"color: #000000; --darkreader-inline-color: #e8e6e3;\" data-darkreader-inline-color=\"\"><span style=\"font-family: Georgia, serif;\"><span style=\"font-size: x-large;\"><b>Acto de Consagraci\u00f3n al Sagrado Coraz\u00f3n<\/b><\/span><\/span><\/span><\/p>\n<p><span style=\"color: #000000; --darkreader-inline-color: #e8e6e3;\" data-darkreader-inline-color=\"\"><span style=\"font-family: Georgia, serif;\"><span style=\"font-size: large;\">Me entrego y consagro al Sagrado Coraz\u00f3n de Nuestro Se\u00f1or Jesucristo, mi <\/span><\/span><\/span><span style=\"color: #000000; --darkreader-inline-color: #e8e6e3;\" data-darkreader-inline-color=\"\"><span style=\"font-family: Georgia, serif;\"><span style=\"font-size: large;\">persona y mi vida, mis acciones, penas y sufrimientos para que utilice todo mi ser solo para honrar, amar y glorificar al Sagrado Coraz\u00f3n.<\/span><\/span><\/span><\/p>\n<p align=\"LEFT\"><span style=\"color: #000000; --darkreader-inline-color: #e8e6e3;\" data-darkreader-inline-color=\"\"><span style=\"font-family: Georgia, serif;\"><span style=\"font-size: large;\">Este es mi prop\u00f3sito definitivo y \u00fanico, es decir, ser todo de \u00c9l, y hacer todo por amor a \u00c9l, y al mismo tiempo renunciar con todo mi coraz\u00f3n cualquier cosa que no le complazca. Por lo tanto te tomo, Oh Sagrado Coraz\u00f3n, como el \u00fanico objeto de mi amor, el guardi\u00e1n de mi vida, mi seguro de salvaci\u00f3n, el remedio para mis debilidades e inconstancia, la soluci\u00f3n a los errores de mi vida y mi refugio seguro a la hora de la muerte.<\/span><\/span><\/span><\/p>\n<p><span style=\"color: #000000; --darkreader-inline-color: #e8e6e3;\" data-darkreader-inline-color=\"\"><span style=\"font-family: Georgia, serif;\"><span style=\"font-size: large;\">S\u00e9 pues, Oh Coraz\u00f3n de Bondad, mi intercesor ante Dios Padre, y l\u00edbrame de Su justa ira. Oh Coraz\u00f3n de amor, pongo toda mi confianza en Ti, porque temo mis debilidades y fallos, pero tengo esperanza en Tu Divinidad y Bondad.<\/span><\/span><\/span><\/p>\n<p><span style=\"color: #000000; --darkreader-inline-color: #e8e6e3;\" data-darkreader-inline-color=\"\"><span style=\"font-family: Georgia, serif;\"><span style=\"font-size: large;\">Quita de m\u00ed todo lo que no te agrade o lo que provoque que no haga Tu Santa Voluntad; permite que Tu Amor imprima Tu Imagen en lo m\u00e1s profundo de mi coraz\u00f3n, para que yo nunca me olvide ni me separe de Ti.<\/span><\/span><\/span><\/p>\n<p align=\"LEFT\"><span style=\"color: #000000; --darkreader-inline-color: #e8e6e3;\" data-darkreader-inline-color=\"\"><span style=\"font-family: Georgia, serif;\"><span style=\"font-size: large;\">Que yo obtenga de Tu amada bondad la gracia de tener mi nombre escrito en Tu coraz\u00f3n, porque en Ti deseo depositar toda mi felicidad y gloria, viviendo y muriendo en bondad Tuya. <\/span><\/span><\/span><\/p>\n<p align=\"LEFT\"><span style=\"color: #000000; --darkreader-inline-color: #e8e6e3;\" data-darkreader-inline-color=\"\"><span style=\"font-family: Georgia, serif;\"><span style=\"font-size: large;\">Am\u00e9n.<\/span><\/span><\/span><\/p>\n<hr \/>\n<p><span style=\"color: #000000; --darkreader-inline-color: #e8e6e3;\" data-darkreader-inline-color=\"\"><span style=\"font-family: Georgia, serif;\"><span style=\"font-size: x-large;\"><strong>M\u00e1s Documentos sobre el Sagrado Coraz\u00f3n<\/strong><\/span><\/span><\/span><\/p>\n<ul>\n<li><span style=\"color: #0000ff;\"><a style=\"color: #0000ff;\" href=\"https:\/\/ancientcatholic.org\/es\/wp-content\/uploads\/2024\/05\/Acto-de-Reparacion-al-Sagrado-Corazon-de-Jesus.pdf\" target=\"_blank\" rel=\"noopener\">Acto de Reparaci\u00f3n al Sagrado Coraz\u00f3n<\/a><\/span><\/li>\n<li><span style=\"color: #0000ff;\"><a style=\"color: #0000ff;\" href=\"https:\/\/ancientcatholic.org\/es\/wp-content\/uploads\/2024\/05\/Entronizacion-del-Sagrado-Corazon-de-Jesus.pdf\" target=\"_blank\" rel=\"noopener\">Entronizaci\u00f3n del Sagrado Coraz\u00f3n de Jes\u00fas<\/a><\/span><\/li>\n<li><span style=\"color: #0000ff;\"><a style=\"color: #0000ff;\" href=\"https:\/\/ancientcatholic.org\/es\/wp-content\/uploads\/2024\/04\/Letania-del-Sagrado-Corazon-de-Jesus-es-es.pdf\" target=\"_blank\" rel=\"noopener\"><span style=\"--darkreader-inline-color: #e8e6e3;\" data-darkreader-inline-color=\"\"><span style=\"--darkreader-inline-color: #1ad1ff;\" data-darkreader-inline-color=\"\">Letan\u00eda del Sagrado Coraz\u00f3n en espa\u00f1ol<\/span><\/span><\/a><\/span><\/li>\n<li><span style=\"color: #0000ff;\"><a style=\"color: #0000ff;\" href=\"https:\/\/ancientcatholic.org\/es\/wp-content\/uploads\/2024\/04\/Letania-del-Sagrado-Corazon-de-Jesus-latin.pdf\" target=\"_blank\" rel=\"noopener\"><span style=\"--darkreader-inline-color: #e8e6e3;\" data-darkreader-inline-color=\"\"><span style=\"--darkreader-inline-color: #1ad1ff;\" data-darkreader-inline-color=\"\">Letan\u00eda del Sagrado Coraz\u00f3n en lat\u00edn<\/span><\/span><\/a><\/span><\/li>\n<li><span style=\"color: #0000ff;\"><a style=\"color: #0000ff;\" href=\"https:\/\/ancientcatholic.org\/es\/wp-content\/uploads\/2024\/05\/Permaneced-Cerca-del-Sagrado-Corazon-Espanol-Europeo.pdf\" target=\"_blank\" rel=\"noopener\">Permaneced cerca del Sagrado Coraz\u00f3n<\/a><\/span><span style=\"color: #000000; --darkreader-inline-color: #1ad1ff;\" data-darkreader-inline-color=\"\"> &#8211; art\u00edculo sobre el Sagrado Coraz\u00f3n por S.S. el Patriarca Carlos de Jes\u00fas y Mar\u00eda<\/span><\/li>\n<li><span style=\"color: #0000ff;\" data-darkreader-inline-color=\"\"><a style=\"color: #0000ff;\" href=\"https:\/\/ancientcatholic.org\/es\/wp-content\/uploads\/2024\/05\/Doce-Promesas-del-Sagrado-Corazon.pdf\" target=\"_blank\" rel=\"noopener\" data-darkreader-inline-color=\"\">Doce Promesas del Sagrado Coraz\u00f3n<\/a><\/span><\/li>\n<\/ul>\n","protected":false},"excerpt":{"rendered":"<p>El Sagrado Coraz\u00f3n de Jes\u00fas es una devoci\u00f3n religiosa especial al coraz\u00f3n f\u00edsico de Cristo como un s\u00edmbolo santo del amor divino. Es un tema central en la espiritualidad Cat\u00f3lica y casi siempre se representa en el arte y en la iconograf\u00eda como un coraz\u00f3n en llamas, a veces coronado por la Cruz, a menudo &#8230; <span class=\"more\"><a class=\"more-link\" href=\"https:\/\/ancientcatholic.org\/es\/sagrado-corazon\/\">[Read more&#8230;]<\/a><\/span><\/p>\n","protected":false},"author":2,"featured_media":0,"parent":0,"menu_order":3,"comment_status":"closed","ping_status":"closed","template":"","meta":{"footnotes":""},"class_list":["entry","page","publish","author-padreyaaqub","post-36"],"_links":{"self":[{"href":"https:\/\/ancientcatholic.org\/es\/wp-json\/wp\/v2\/pages\/36","targetHints":{"allow":["GET"]}}],"collection":[{"href":"https:\/\/ancientcatholic.org\/es\/wp-json\/wp\/v2\/pages"}],"about":[{"href":"https:\/\/ancientcatholic.org\/es\/wp-json\/wp\/v2\/types\/page"}],"author":[{"embeddable":true,"href":"https:\/\/ancientcatholic.org\/es\/wp-json\/wp\/v2\/users\/2"}],"replies":[{"embeddable":true,"href":"https:\/\/ancientcatholic.org\/es\/wp-json\/wp\/v2\/comments?post=36"}],"version-history":[{"count":18,"href":"https:\/\/ancientcatholic.org\/es\/wp-json\/wp\/v2\/pages\/36\/revisions"}],"predecessor-version":[{"id":465,"href":"https:\/\/ancientcatholic.org\/es\/wp-json\/wp\/v2\/pages\/36\/revisions\/465"}],"wp:attachment":[{"href":"https:\/\/ancientcatholic.org\/es\/wp-json\/wp\/v2\/media?parent=36"}],"curies":[{"name":"wp","href":"https:\/\/api.w.org\/{rel}","templated":true}]}}