{"id":32,"date":"2023-08-24T13:44:43","date_gmt":"2023-08-24T13:44:43","guid":{"rendered":"https:\/\/ancientcatholic.org\/es\/?page_id=32"},"modified":"2024-04-15T20:02:12","modified_gmt":"2024-04-15T20:02:12","slug":"misiones","status":"publish","type":"page","link":"https:\/\/ancientcatholic.org\/es\/acerca-de\/misiones\/","title":{"rendered":"Misiones"},"content":{"rendered":"<p><span style=\"color: #000000; --darkreader-inline-color: #e8e6e3;\" data-darkreader-inline-color=\"\"><strong>Misiones y Parroquias<\/strong><\/span><\/p>\n<ul>\n<li><span style=\"color: #000000; --darkreader-inline-color: #e8e6e3;\" data-darkreader-inline-color=\"\"><span style=\"font-family: Georgia, serif;\"><span style=\"font-size: large;\">Comunidad Cat\u00f3lica Tridentina de Jes\u00fas y Mar\u00eda (P. Mateo)<\/span><\/span><\/span><\/li>\n<li><span style=\"color: #000000; --darkreader-inline-color: #e8e6e3;\" data-darkreader-inline-color=\"\"><span style=\"font-family: Georgia, serif;\"><span style=\"font-size: large;\">Iglesia Cat\u00f3lica Lumbee (Hno. Joel) <\/span><\/span><\/span><\/li>\n<li><span style=\"color: #000000; --darkreader-inline-color: #e8e6e3;\" data-darkreader-inline-color=\"\"><span style=\"font-family: Georgia, serif;\"><span style=\"font-size: large;\">Misi\u00f3n de la Iglesia Cat\u00f3lica Tradicional Nativo Americana (Hno. Joel)<\/span><\/span><\/span><\/li>\n<\/ul>\n<p><span style=\"color: #000000; --darkreader-inline-color: #e8e6e3;\" data-darkreader-inline-color=\"\"><strong>Apostolados<\/strong><\/span><\/p>\n<ul>\n<li><span style=\"font-size: large; font-family: Georgia, serif; color: #000000; --darkreader-inline-color: #e8e6e3;\" data-darkreader-inline-color=\"\">Apostolado de Oraci\u00f3n por nuestros Sacerdotes (Ermita\u00f1a Diocesana Sor Mar\u00eda)<\/span><\/li>\n<li><span style=\"color: #000000; --darkreader-inline-color: #e8e6e3;\" data-darkreader-inline-color=\"\"><span style=\"font-family: Georgia, serif;\"><span style=\"font-size: large;\">La Ermita de San Expedito (Ermita\u00f1o Diocesano Hno. Dennis)<\/span><\/span><\/span><\/li>\n<\/ul>\n<p><span style=\"color: #000000; --darkreader-inline-color: #e8e6e3;\" data-darkreader-inline-color=\"\"><span style=\"font-family: Georgia, serif;\"><span style=\"font-size: large;\"><b>Comunidades Particulares, Regionales, y en Transici\u00f3n<\/b><\/span><\/span><\/span><\/p>\n<p><span style=\"color: #000000; --darkreader-inline-color: #e8e6e3;\" data-darkreader-inline-color=\"\"><span style=\"font-family: Georgia, serif;\"><span style=\"font-size: large;\">Una comunidad en transici\u00f3n es una parroquia, misi\u00f3n u otro instituto que est\u00e1 en proceso de transici\u00f3n al Rito Latino desde otro rito o jurisdicci\u00f3n. Un ejemplo es una iglesia Novus Ordo que est\u00e1 abandonando gradualmente la \u201cnueva misa\u201d en favor de la Misa Tradicional. A dichas comunidades se les da un per\u00edodo de tiempo en el que se espera que realicen la transici\u00f3n completa. Por lo general, esto es de hasta tres a\u00f1os, pero el obispo puede extenderlo. Las comunidades \u201cparticulares\u201d y \u201cregionales\u201d son similares a las de las comunidades en transici\u00f3n, pero se les permite conservar su rito particular con ciertos ajustes si es necesario. Una comunidad regional tambi\u00e9n puede tener ciertas observancias y pr\u00e1cticas culturales que son exclusivas de su ubicaci\u00f3n geogr\u00e1fica o cultura y que se celebran dentro del marco de la Misa Tradicional en Lat\u00edn.<\/span><\/span><\/span><\/p>\n<ul>\n<li><span style=\"color: #000000; --darkreader-inline-color: #e8e6e3;\" data-darkreader-inline-color=\"\"><span style=\"font-family: Georgia, serif;\"><span style=\"font-size: large;\">Iglesia Rusa del Rito Antiguo<\/span><\/span><\/span><\/li>\n<li><span style=\"color: #000000; --darkreader-inline-color: #e8e6e3;\" data-darkreader-inline-color=\"\"><span style=\"font-family: Georgia, serif;\"><span style=\"font-size: large;\">Santuario de Nuestra Se\u00f1ora de la Gracia<\/span><\/span><\/span><\/li>\n<li><span style=\"color: #000000; --darkreader-inline-color: #e8e6e3;\" data-darkreader-inline-color=\"\"><span style=\"font-family: Georgia, serif;\"><span style=\"font-size: large;\">Comunidad Ortodoxa Serbia<\/span><\/span><\/span><\/li>\n<\/ul>\n","protected":false},"excerpt":{"rendered":"<p>Misiones y Parroquias Comunidad Cat\u00f3lica Tridentina de Jes\u00fas y Mar\u00eda (P. Mateo) Iglesia Cat\u00f3lica Lumbee (Hno. Joel) Misi\u00f3n de la Iglesia Cat\u00f3lica Tradicional Nativo Americana (Hno. Joel) Apostolados Apostolado de Oraci\u00f3n por nuestros Sacerdotes (Ermita\u00f1a Diocesana Sor Mar\u00eda) La Ermita de San Expedito (Ermita\u00f1o Diocesano Hno. Dennis) Comunidades Particulares, Regionales, y en Transici\u00f3n Una comunidad &#8230; <span class=\"more\"><a class=\"more-link\" href=\"https:\/\/ancientcatholic.org\/es\/acerca-de\/misiones\/\">[Read more&#8230;]<\/a><\/span><\/p>\n","protected":false},"author":2,"featured_media":0,"parent":2,"menu_order":1,"comment_status":"closed","ping_status":"closed","template":"","meta":{"footnotes":""},"class_list":["entry","page","publish","author-padreyaaqub","post-32"],"_links":{"self":[{"href":"https:\/\/ancientcatholic.org\/es\/wp-json\/wp\/v2\/pages\/32","targetHints":{"allow":["GET"]}}],"collection":[{"href":"https:\/\/ancientcatholic.org\/es\/wp-json\/wp\/v2\/pages"}],"about":[{"href":"https:\/\/ancientcatholic.org\/es\/wp-json\/wp\/v2\/types\/page"}],"author":[{"embeddable":true,"href":"https:\/\/ancientcatholic.org\/es\/wp-json\/wp\/v2\/users\/2"}],"replies":[{"embeddable":true,"href":"https:\/\/ancientcatholic.org\/es\/wp-json\/wp\/v2\/comments?post=32"}],"version-history":[{"count":5,"href":"https:\/\/ancientcatholic.org\/es\/wp-json\/wp\/v2\/pages\/32\/revisions"}],"predecessor-version":[{"id":150,"href":"https:\/\/ancientcatholic.org\/es\/wp-json\/wp\/v2\/pages\/32\/revisions\/150"}],"up":[{"embeddable":true,"href":"https:\/\/ancientcatholic.org\/es\/wp-json\/wp\/v2\/pages\/2"}],"wp:attachment":[{"href":"https:\/\/ancientcatholic.org\/es\/wp-json\/wp\/v2\/media?parent=32"}],"curies":[{"name":"wp","href":"https:\/\/api.w.org\/{rel}","templated":true}]}}