{"id":299,"date":"2024-04-18T12:21:44","date_gmt":"2024-04-18T12:21:44","guid":{"rendered":"https:\/\/ancientcatholic.org\/es\/?page_id=299"},"modified":"2025-07-19T21:07:34","modified_gmt":"2025-07-19T21:07:34","slug":"homilias-y-articulos","status":"publish","type":"page","link":"https:\/\/ancientcatholic.org\/es\/documentos\/homilias-y-articulos\/","title":{"rendered":"Homil\u00edas y Art\u00edculos"},"content":{"rendered":"<p><span style=\"color: #000000; --darkreader-inline-color: #e8e6e3;\" data-darkreader-inline-color=\"\"><span style=\"font-family: Georgia, serif;\"><span style=\"font-size: large;\">Cl\u00e9rigos de la Iglesia de Jerusal\u00e9n, por favor no dud\u00e9is en utilizar estas homil\u00edas y art\u00edculos para vuestras parroquias.<\/span><\/span><\/span><\/p>\n<ul>\n<li><span style=\"color: #0000ff; --darkreader-inline-color: #337dff;\" data-darkreader-inline-color=\"\"><a style=\"color: #0000ff; --darkreader-inline-color: #337dff;\" href=\"https:\/\/ancientcatholic.org\/es\/wp-content\/uploads\/2024\/04\/Loving-Our-Enemies-es-es.pdf\" target=\"_blank\" rel=\"noopener\" data-darkreader-inline-color=\"\"><span style=\"font-family: Georgia, serif;\"><span style=\"font-size: large;\"><span style=\"color: #00ccff;\" data-darkreader-inline-color=\"\"><span style=\"text-decoration: underline; color: #0000ff;\">Amar a Nuestros Enemigos<\/span><\/span><\/span><\/span><\/a><\/span><\/li>\n<li><span style=\"--darkreader-inline-color: #337dff; color: #0000ff;\" data-darkreader-inline-color=\"\"><a style=\"--darkreader-inline-color: #337dff; color: #0000ff;\" href=\"https:\/\/ancientcatholic.org\/es\/wp-content\/uploads\/2024\/04\/The-Importance-of-Keeping-the-Ten-Commandments-es-es.pdf\" target=\"_blank\" rel=\"noopener\" data-darkreader-inline-color=\"\"><span style=\"font-family: Georgia, serif;\"><span style=\"font-size: large;\"><span style=\"text-decoration: underline;\">La Importancia de Guardar los Diez Mandamientos<\/span><\/span><\/span><\/a><\/span><\/li>\n<li><span style=\"color: #00ccff; --darkreader-inline-color: #337dff;\" data-darkreader-inline-color=\"\"><a style=\"color: #00ccff; --darkreader-inline-color: #337dff;\" href=\"https:\/\/ancientcatholic.org\/es\/wp-content\/uploads\/2024\/04\/A-Brief-Look-at-Ignatian-Spirituality-es-es.pdf\" target=\"_blank\" rel=\"noopener\" data-darkreader-inline-color=\"\"><span style=\"font-family: Georgia, serif;\"><span style=\"font-size: large;\"><span style=\"text-decoration: underline; color: #0000ff;\">Una Breve Mirada a la Espiritualidad Ignaciana<\/span><\/span><\/span><\/a><\/span><\/li>\n<li><span style=\"color: #00ccff; --darkreader-inline-color: #337dff;\" data-darkreader-inline-color=\"\"><a style=\"color: #00ccff; --darkreader-inline-color: #337dff;\" href=\"https:\/\/ancientcatholic.org\/es\/wp-content\/uploads\/2024\/04\/Attending-Mass-Daily-es-es.pdf\" target=\"_blank\" rel=\"noopener\" data-darkreader-inline-color=\"\"><span style=\"font-family: Georgia, serif;\"><span style=\"font-size: large;\"><span style=\"text-decoration: underline; color: #0000ff;\">Asistir a Misa Diariamente<\/span><\/span><\/span><\/a><\/span><\/li>\n<li><span style=\"color: #00ccff; --darkreader-inline-color: #337dff;\" data-darkreader-inline-color=\"\"><a style=\"color: #00ccff; --darkreader-inline-color: #337dff;\" href=\"https:\/\/ancientcatholic.org\/es\/wp-content\/uploads\/2024\/04\/Spending-an-Hour-with-Our-Lord-es-es.pdf\" target=\"_blank\" rel=\"noopener\" data-darkreader-inline-color=\"\"><span style=\"font-family: Georgia, serif;\"><span style=\"font-size: large;\"><span style=\"text-decoration: underline;\"><span style=\"color: #0000ff; text-decoration: underline;\">Pasar una Hora con nuestro Se\u00f1or<\/span><\/span><\/span><\/span><\/a><\/span><\/li>\n<li><span style=\"color: #00ccff; --darkreader-inline-color: #337dff;\" data-darkreader-inline-color=\"\"><a style=\"color: #00ccff; --darkreader-inline-color: #337dff;\" href=\"https:\/\/ancientcatholic.org\/es\/wp-content\/uploads\/2024\/04\/The-Sabbath-and-Sunday-es-es.pdf\" target=\"_blank\" rel=\"noopener\" data-darkreader-inline-color=\"\"><span style=\"font-family: Georgia, serif;\"><span style=\"font-size: large;\"><span style=\"text-decoration: underline;\"><span style=\"color: #0000ff; text-decoration: underline;\">El Shabat y el Domingo<\/span><\/span><\/span><\/span><\/a><\/span><\/li>\n<li><span style=\"color: #00ccff; --darkreader-inline-color: #337dff;\" data-darkreader-inline-color=\"\"><a style=\"color: #00ccff; --darkreader-inline-color: #337dff;\" href=\"https:\/\/ancientcatholic.org\/es\/wp-content\/uploads\/2024\/04\/Arriving-at-Mass-Early-es-es.pdf\" target=\"_blank\" rel=\"noopener\" data-darkreader-inline-color=\"\"><span style=\"font-family: Georgia, serif;\"><span style=\"font-size: large;\"><span style=\"text-decoration: underline;\"><span style=\"color: #0000ff; text-decoration: underline;\">Llegar Temprano a Misa<\/span><\/span><\/span><\/span><\/a><\/span><\/li>\n<li><span style=\"color: #00ccff; --darkreader-inline-color: #337dff;\" data-darkreader-inline-color=\"\"><a style=\"color: #00ccff; --darkreader-inline-color: #337dff;\" href=\"https:\/\/ancientcatholic.org\/es\/wp-content\/uploads\/2024\/04\/Maintaining-Silence-at-Church-es-es.pdf\" target=\"_blank\" rel=\"noopener\" data-darkreader-inline-color=\"\"><span style=\"font-family: Georgia, serif;\"><span style=\"font-size: large;\"><span style=\"text-decoration: underline; color: #0000ff;\">Mantener Silencio en la Iglesia<\/span><\/span><\/span><\/a><\/span><span style=\"color: #00ccff; --darkreader-inline-color: #337dff;\" data-darkreader-inline-color=\"\"><span style=\"font-size: large;\"><br \/>\n<\/span><\/span><\/li>\n<li><span style=\"color: #00ccff; --darkreader-inline-color: #337dff;\" data-darkreader-inline-color=\"\"><span style=\"font-size: large;\"><a href=\"https:\/\/ancientcatholic.org\/es\/wp-content\/uploads\/2024\/05\/Permaneced-Cerca-del-Sagrado-Corazon-Espanol-Europeo.pdf\" target=\"_blank\" rel=\"noopener\"><span style=\"color: #00ccff;\" data-darkreader-inline-color=\"\"><span style=\"text-decoration: underline; color: #0000ff;\">Permaneced cerca del Sagrado Coraz\u00f3n<\/span><\/span><\/a><\/span><\/span><\/li>\n<li><span style=\"color: #00ccff; --darkreader-inline-color: #337dff;\" data-darkreader-inline-color=\"\"><span style=\"color: #0000ff;\"><span style=\"font-size: large;\"><a style=\"color: #0000ff; text-decoration: underline;\" href=\"https:\/\/ancientcatholic.org\/es\/homilias\/refugio-de-paz\/\" target=\"_blank\" rel=\"noopener\">Refugio de Paz<\/a><\/span><\/span> &#8211; <span style=\"color: #000000;\">por el Padre Jonat\u00e1n<\/span><\/span><\/li>\n<li><span style=\"color: #00ccff; --darkreader-inline-color: #337dff;\" data-darkreader-inline-color=\"\"><span style=\"color: #0000ff;\"><span style=\"font-size: large;\"><a style=\"color: #0000ff; text-decoration: underline;\" href=\"https:\/\/ancientcatholic.org\/es\/homilias\/la-transfiguracion-de-nuestro-senor-jesucristo\/\" target=\"_blank\" rel=\"noopener\">La Transfiguraci\u00f3n de Nuestro Se\u00f1or Jesucristo<\/a><\/span><\/span> &#8211; <span style=\"color: #000000;\">por el Padre Jonat\u00e1n<\/span><\/span><\/li>\n<li><span style=\"color: #00ccff; --darkreader-inline-color: #337dff;\" data-darkreader-inline-color=\"\"><span style=\"color: #0000ff;\"><span style=\"font-size: large;\"><a style=\"color: #0000ff; text-decoration: underline;\" href=\"https:\/\/ancientcatholic.org\/es\/homilias\/la-iglesia-triunfara-sobre-sus-enemigos\/\" target=\"_blank\" rel=\"noopener\">La Iglesia Triunfar\u00e1 sobre sus Enemigos <\/a><\/span><\/span> &#8211; <span style=\"color: #000000;\"> por el Padre Santiago<\/li>\n<\/ul>\n","protected":false},"excerpt":{"rendered":"<p>Cl\u00e9rigos de la Iglesia de Jerusal\u00e9n, por favor no dud\u00e9is en utilizar estas homil\u00edas y art\u00edculos para vuestras parroquias. Amar a Nuestros Enemigos La Importancia de Guardar los Diez Mandamientos Una Breve Mirada a la Espiritualidad Ignaciana Asistir a Misa Diariamente Pasar una Hora con nuestro Se\u00f1or El Shabat y el Domingo Llegar Temprano a &#8230; <span class=\"more\"><a class=\"more-link\" href=\"https:\/\/ancientcatholic.org\/es\/documentos\/homilias-y-articulos\/\">[Read more&#8230;]<\/a><\/span><\/p>\n","protected":false},"author":2,"featured_media":0,"parent":45,"menu_order":4,"comment_status":"closed","ping_status":"closed","template":"","meta":{"footnotes":""},"class_list":["entry","page","publish","author-padreyaaqub","post-299"],"_links":{"self":[{"href":"https:\/\/ancientcatholic.org\/es\/wp-json\/wp\/v2\/pages\/299","targetHints":{"allow":["GET"]}}],"collection":[{"href":"https:\/\/ancientcatholic.org\/es\/wp-json\/wp\/v2\/pages"}],"about":[{"href":"https:\/\/ancientcatholic.org\/es\/wp-json\/wp\/v2\/types\/page"}],"author":[{"embeddable":true,"href":"https:\/\/ancientcatholic.org\/es\/wp-json\/wp\/v2\/users\/2"}],"replies":[{"embeddable":true,"href":"https:\/\/ancientcatholic.org\/es\/wp-json\/wp\/v2\/comments?post=299"}],"version-history":[{"count":27,"href":"https:\/\/ancientcatholic.org\/es\/wp-json\/wp\/v2\/pages\/299\/revisions"}],"predecessor-version":[{"id":564,"href":"https:\/\/ancientcatholic.org\/es\/wp-json\/wp\/v2\/pages\/299\/revisions\/564"}],"up":[{"embeddable":true,"href":"https:\/\/ancientcatholic.org\/es\/wp-json\/wp\/v2\/pages\/45"}],"wp:attachment":[{"href":"https:\/\/ancientcatholic.org\/es\/wp-json\/wp\/v2\/media?parent=299"}],"curies":[{"name":"wp","href":"https:\/\/api.w.org\/{rel}","templated":true}]}}