{"id":2,"date":"2023-08-24T12:12:23","date_gmt":"2023-08-24T12:12:23","guid":{"rendered":"https:\/\/ancientcatholic.org\/es\/?page_id=2"},"modified":"2024-11-22T20:06:18","modified_gmt":"2024-11-22T20:06:18","slug":"acerca-de","status":"publish","type":"page","link":"https:\/\/ancientcatholic.org\/es\/","title":{"rendered":"Acerca"},"content":{"rendered":"<p><span style=\"font-family: Georgia, serif;\"><span style=\"font-size: large;\"><b>Instaurare Omnia in Christo<\/b><\/span><\/span><\/p>\n<p><span style=\"font-family: Georgia, serif;\"><span style=\"font-size: large;\">Bienvenido al sitio web.<\/span><\/span><\/p>\n<p><span style=\"font-family: Georgia, serif;\"><span style=\"font-size: large;\">La Iglesia Cat\u00f3lica Antigua de Jerusal\u00e9n es una Iglesia Cat\u00f3lica tradicional bajo la gu\u00eda espiritual de S.S. el Patriarca Seraf\u00edn Miguel y el Excmo. Obispo Andr\u00e9s.<\/span><\/span><\/p>\n<p><span style=\"font-family: Georgia, serif;\"><span style=\"font-size: large;\">Celebramos la <span style=\"color: #00ccff;\" data-darkreader-inline-color=\"\"><a style=\"color: #00ccff;\" href=\"https:\/\/ancientcatholic.org\/es\/wp-content\/uploads\/2024\/04\/What-is-the-Traditional-Latin-Mass-es-es.pdf\" target=\"_blank\" rel=\"noopener\" data-darkreader-inline-color=\"\"><span style=\"color: #0000ff;\">Misa Tradicional Latina (Tridentina)<\/span><\/a><\/span>.<\/span><\/span><\/p>\n<p><span style=\"font-family: Georgia, serif;\"><span style=\"font-size: large;\">La Iglesia de Jerusal\u00e9n es una de las instituciones religiosas m\u00e1s antiguas del mundo. La Iglesia traza sus ra\u00edces a los Ap\u00f3stoles y a las ense\u00f1anzas de Jesucristo como est\u00e1n escritas en el Nuevo Testamento y en la Didach\u00e9.<\/span><\/span><\/p>\n<p><span style=\"font-family: Georgia, serif;\"><span style=\"font-size: large;\">Las creencias centrales de la Iglesia incluyen la Trinidad (Padre, Hijo y el Esp\u00edritu Santo), la Divinidad de Jesucristo, la Autoridad Apost\u00f3lica, los Sacramentos y la importancia de las buenas obras y una vida virtuosa. La Iglesia tiene una profunda adoraci\u00f3n lit\u00fargica, devoci\u00f3n a los santos y a la Virgen Mar\u00eda, y adhesi\u00f3n a un c\u00f3digo moral estricto.<\/span><\/span><\/p>\n<p><span style=\"font-family: Georgia, serif;\"><span style=\"font-size: large;\">La Iglesia es una organizaci\u00f3n jer\u00e1rquica, con el Patriarca como su l\u00edder y una estructura de obispos, curas y di\u00e1conos para servir a las comunidades de los fieles donde sea que existan en el mundo.<\/span><\/span><\/p>\n<p><span style=\"font-family: Georgia, serif;\"><span style=\"font-size: large;\"><span style=\"color: #0000ff;\"><a style=\"color: #0000ff;\" href=\"https:\/\/ancientcatholic.org\/es\/acerca-de\/historia\/\">Haz clic aqu\u00ed<\/a><\/span> para una historia m\u00e1s detallada de la Iglesia.<\/span><\/span><\/p>\n<p><span style=\"font-family: Georgia, serif;\"><span style=\"font-size: large;\">Usa el men\u00fa de arriba para navegar por el sitio web.<\/span><\/span><\/p>\n","protected":false},"excerpt":{"rendered":"<p>Instaurare Omnia in Christo Bienvenido al sitio web. La Iglesia Cat\u00f3lica Antigua de Jerusal\u00e9n es una Iglesia Cat\u00f3lica tradicional bajo la gu\u00eda espiritual de S.S. el Patriarca Seraf\u00edn Miguel y el Excmo. Obispo Andr\u00e9s. Celebramos la Misa Tradicional Latina (Tridentina). La Iglesia de Jerusal\u00e9n es una de las instituciones religiosas m\u00e1s antiguas del mundo. La &#8230; <span class=\"more\"><a class=\"more-link\" href=\"https:\/\/ancientcatholic.org\/es\/\">[Read more&#8230;]<\/a><\/span><\/p>\n","protected":false},"author":1,"featured_media":0,"parent":0,"menu_order":2,"comment_status":"closed","ping_status":"closed","template":"","meta":{"footnotes":""},"class_list":["entry","page","publish","author-admin_8dsso7rb","post-2"],"_links":{"self":[{"href":"https:\/\/ancientcatholic.org\/es\/wp-json\/wp\/v2\/pages\/2","targetHints":{"allow":["GET"]}}],"collection":[{"href":"https:\/\/ancientcatholic.org\/es\/wp-json\/wp\/v2\/pages"}],"about":[{"href":"https:\/\/ancientcatholic.org\/es\/wp-json\/wp\/v2\/types\/page"}],"author":[{"embeddable":true,"href":"https:\/\/ancientcatholic.org\/es\/wp-json\/wp\/v2\/users\/1"}],"replies":[{"embeddable":true,"href":"https:\/\/ancientcatholic.org\/es\/wp-json\/wp\/v2\/comments?post=2"}],"version-history":[{"count":10,"href":"https:\/\/ancientcatholic.org\/es\/wp-json\/wp\/v2\/pages\/2\/revisions"}],"predecessor-version":[{"id":466,"href":"https:\/\/ancientcatholic.org\/es\/wp-json\/wp\/v2\/pages\/2\/revisions\/466"}],"wp:attachment":[{"href":"https:\/\/ancientcatholic.org\/es\/wp-json\/wp\/v2\/media?parent=2"}],"curies":[{"name":"wp","href":"https:\/\/api.w.org\/{rel}","templated":true}]}}